{"id":3731,"date":"2024-02-06T16:19:24","date_gmt":"2024-02-06T16:19:24","guid":{"rendered":"https:\/\/ekblocks.com\/?page_id=3731"},"modified":"2024-02-07T10:08:43","modified_gmt":"2024-02-07T10:08:43","slug":"contact-2","status":"publish","type":"page","link":"https:\/\/ekblocks.com\/fr\/contact-2\/","title":{"rendered":"profolio-copie-contact"},"content":{"rendered":"<div class=\"wp-block-uagb-container uagb-block-d1eb7ce0 alignfull uagb-is-root-container\"><div class=\"uagb-container-inner-blocks-wrap\"><\/div><\/div>\n\n\n\n<div style=\"height:100px\" aria-hidden=\"true\" class=\"wp-block-spacer\"><\/div>\n\n\n\n<div class=\"wp-block-group alignfull is-layout-constrained wp-container-core-group-is-layout-4dbeef95 wp-block-group-is-layout-constrained\" style=\"padding-top:0px;padding-right:4vw;padding-bottom:6vw;padding-left:4vw\">\n<div class=\"container-ball\">\n \n<\/div>\n\n\n\n<div class=\"wp-block-group is-vertical is-nowrap is-layout-flex wp-container-core-group-is-layout-2fbc76b2 wp-block-group-is-layout-flex\" style=\"padding-top:0;padding-right:0;padding-bottom:0;padding-left:0\">\n<h6 class=\"wp-block-heading has-text-color\" id=\"ecosystem\" style=\"color:#000000;font-size:16px\">\u00c9COSYST\u00c8ME<\/h6>\n\n\n\n<p class=\"has-text-color\" style=\"color:#000000;font-size:6vw;font-style:normal;font-weight:700;letter-spacing:0px;line-height:0.9;text-decoration:none;text-transform:none\">Croissance positive.<\/p>\n<\/div>\n\n\n\n<div style=\"height:1vw;width:0px\" aria-hidden=\"true\" class=\"wp-block-spacer\"><\/div>\n\n\n\n<div class=\"wp-block-group alignwide is-vertical is-nowrap is-layout-flex wp-container-core-group-is-layout-7946b6b8 wp-block-group-is-layout-flex\" style=\"padding-top:0;padding-right:0;padding-bottom:0;padding-left:0\">\n<div class=\"wp-block-columns alignwide is-layout-flex wp-container-core-columns-is-layout-21b20327 wp-block-columns-is-layout-flex\">\n<div class=\"wp-block-column is-layout-flow wp-block-column-is-layout-flow\" style=\"flex-basis:33.38%\">\n<p class=\"has-text-color\" style=\"color:#000000;font-size:17px\"><em>Nature<\/em>, au sens commun, d\u00e9signe des essences inchang\u00e9es par l&#039;homme ; l&#039;espace, l&#039;air, la rivi\u00e8re, la feuille.&nbsp;<em>Art<\/em>&nbsp;s&#039;applique au m\u00e9lange de sa volont\u00e9 avec les m\u00eames choses, comme dans une maison, un canal, une statue, un tableau. <\/p>\n\n\n\n<p class=\"has-text-color\" style=\"color:#000000;font-size:17px\">Mais ses op\u00e9rations prises ensemble sont si insignifiantes, un peu d&#039;\u00e9caillage, de cuisson, de rapi\u00e9\u00e7age et de lavage, que dans une impression aussi grande que celle du monde sur l&#039;esprit humain, elles ne modifient pas le r\u00e9sultat.<\/p>\n<\/div>\n\n\n\n<div class=\"wp-block-column is-layout-flow wp-block-column-is-layout-flow\" style=\"flex-basis:33%\">\n<div style=\"height:2vw\" aria-hidden=\"true\" class=\"wp-block-spacer\"><\/div>\n\n\n\n<div class=\"wp-block-uagb-image uagb-block-48edcb5a wp-block-uagb-image--layout-default wp-block-uagb-image--effect-static wp-block-uagb-image--align-none\"><figure class=\"wp-block-uagb-image__figure\"><img decoding=\"async\" srcset=\"https:\/\/ekblocks.com\/wp-content\/uploads\/2024\/01\/WhatsApp-Image-2024-01-24-at-15.32.34-815x1024.webp ,https:\/\/ekblocks.com\/wp-content\/uploads\/2024\/01\/WhatsApp-Image-2024-01-24-at-15.32.34-jpeg.webp 780w, https:\/\/ekblocks.com\/wp-content\/uploads\/2024\/01\/WhatsApp-Image-2024-01-24-at-15.32.34-jpeg.webp 360w\" sizes=\"auto, (max-width: 480px) 150px\" src=\"https:\/\/ekblocks.com\/wp-content\/uploads\/2024\/01\/WhatsApp-Image-2024-01-24-at-15.32.34-815x1024.webp\" alt=\"\" class=\"uag-image-3549\" width=\"815\" height=\"1024\" title=\"\" loading=\"lazy\"\/><\/figure><\/div>\n<\/div>\n\n\n\n<div class=\"wp-block-column is-layout-flow wp-block-column-is-layout-flow\" style=\"flex-basis:33.62%\">\n<div class=\"wp-block-uagb-image uagb-block-1e00a35a wp-block-uagb-image--layout-default wp-block-uagb-image--effect-static wp-block-uagb-image--align-none\"><figure class=\"wp-block-uagb-image__figure\"><img decoding=\"async\" srcset=\"https:\/\/ekblocks.com\/wp-content\/uploads\/2024\/02\/8-1-1024x853.webp ,https:\/\/ekblocks.com\/wp-content\/uploads\/2024\/02\/8-1-jpg.webp 780w, https:\/\/ekblocks.com\/wp-content\/uploads\/2024\/02\/8-1-jpg.webp 360w\" sizes=\"auto, (max-width: 480px) 150px\" src=\"https:\/\/ekblocks.com\/wp-content\/uploads\/2024\/02\/8-1-1024x853.webp\" alt=\"\" class=\"uag-image-3756\" width=\"1024\" height=\"853\" title=\"\" loading=\"lazy\"\/><\/figure><\/div>\n<\/div>\n<\/div>\n\n\n\n<div class=\"wp-block-columns alignwide is-layout-flex wp-container-core-columns-is-layout-c24efe4f wp-block-columns-is-layout-flex\">\n<div class=\"wp-block-column is-layout-flow wp-block-column-is-layout-flow\" style=\"flex-basis:69%\">\n<div class=\"wp-block-uagb-image uagb-block-fa2360fb wp-block-uagb-image--layout-default wp-block-uagb-image--effect-static wp-block-uagb-image--align-none\"><figure class=\"wp-block-uagb-image__figure\"><img decoding=\"async\" srcset=\"https:\/\/ekblocks.com\/wp-content\/uploads\/2024\/02\/6-1-1024x599.webp ,https:\/\/ekblocks.com\/wp-content\/uploads\/2024\/02\/6-1-scaled.webp 780w, https:\/\/ekblocks.com\/wp-content\/uploads\/2024\/02\/6-1-scaled.webp 360w\" sizes=\"auto, (max-width: 480px) 150px\" src=\"https:\/\/ekblocks.com\/wp-content\/uploads\/2024\/02\/6-1-1024x599.webp\" alt=\"\" class=\"uag-image-3761\" width=\"2621\" height=\"1534\" title=\"\" loading=\"lazy\"\/><\/figure><\/div>\n<\/div>\n\n\n\n<div class=\"wp-block-column is-vertically-aligned-center is-layout-flow wp-block-column-is-layout-flow\" style=\"flex-basis:33%\">\n<div style=\"height:2vw\" aria-hidden=\"true\" class=\"wp-block-spacer\"><\/div>\n\n\n\n<p class=\"has-text-color\" style=\"color:#000000;font-size:17px\">Nous n\u2019avons sans doute pas de questions sans r\u00e9ponse \u00e0 poser. Nous devons faire confiance \u00e0 la perfection de la cr\u00e9ation jusqu&#039;\u00e0 croire que, quelle que soit la curiosit\u00e9 que l&#039;ordre des choses a \u00e9veill\u00e9e dans nos esprits, l&#039;ordre des choses peut la satisfaire. La condition de chaque homme est une solution hi\u00e9roglyphique aux questions qu\u2019il souhaite poser.<\/p>\n<\/div>\n<\/div>\n<\/div>\n<\/div>\n\n\n\n<div class=\"wp-block-uagb-container uagb-block-d9b14f17 alignfull uagb-is-root-container\"><div class=\"uagb-container-inner-blocks-wrap\"><div class=\"onovo-showcase\">\r\n    <div class=\"img-circle onovo-circle-move\"><\/div>\r\n    <div class=\"onovo-showcase-items\">\r\n        <div class=\"onovo-showcase-item hover\">\r\n            <div class=\"category\">\r\n                <a href=\"\">\r\n                    <span data-splitting=\"\" data-onovo-scroll=\"\" class=\"words lines splitting\" data-scroll=\"in\" style=\"--word-total: 1; --line-total: 1;\">\r\n                        <span><span><span class=\"word\" data-word=\"INTERACTIVE\" style=\"--word-index: 0; --line-index: 0;\">INTERACTIF<\/span><\/span><\/span>\r\n                    <\/span>\r\n                <\/a>\r\n            <\/div>\r\n            <h3 class=\"title\">\r\n                <a href=\"\">\r\n                    <span class=\"onovo-lnk words lines splitting\" data-splitting=\"\" data-onovo-scroll=\"\" data-scroll=\"in\" style=\"--word-total: 2; --line-total: 1;\">\r\n                        <span><span class=\"word\" data-word=\"Client\" style=\"--word-index: 0; --line-index: 0;\">Client<\/span><\/span>\r\n                        <span class=\"whitespace\"> <\/span>\r\n                        <span><span class=\"word\" data-word=\"Portal\" style=\"--word-index: 1; --line-index: 0;\">Portail<\/span><\/span>\r\n                    <\/span>\r\n                <\/a>\r\n            <\/h3>\r\n            <div class=\"image\" data-onovo-overlay=\"\" data-onovo-scroll=\"\" data-scroll=\"in\">\r\n                <span class=\"img lazyloaded\" data-bg=\"https:\/\/ekblocks.com\/wp-content\/uploads\/2024\/02\/6-1-scaled.webp\" style=\"background-image: url(&quot;https:\/\/ekblocks.com\/wp-content\/uploads\/2024\/02\/6-1-scaled.webp&quot;);\"><\/span>\r\n                <div class=\"onovo-overlay\"><\/div>\r\n            <\/div>\r\n        <\/div>\r\n        <div class=\"onovo-showcase-item\">\r\n            <div class=\"category\">\r\n                <a href=\"\">\r\n                    <span data-splitting=\"\" data-onovo-scroll=\"\" class=\"words lines splitting\" data-scroll=\"in\" style=\"--word-total: 1; --line-total: 1;\">\r\n                        <span><span><span class=\"word\" data-word=\"LEGAL\" style=\"--word-index: 0; --line-index: 0;\">L\u00c9GAL<\/span><\/span><\/span>\r\n                    <\/span>\r\n                <\/a>\r\n            <\/div>\r\n            <h3 class=\"title\">\r\n                <a href=\"\">\r\n                    <span class=\"onovo-lnk words lines splitting\" data-splitting=\"\" data-onovo-scroll=\"\" data-scroll=\"in\" style=\"--word-total: 2; --line-total: 1;\">\r\n                        <span><span class=\"word\" data-word=\"Analysis\" style=\"--word-index: 0; --line-index: 0;\">Analyse<\/span><\/span>\r\n                        <span class=\"whitespace\"> <\/span>\r\n                        <span><span class=\"word\" data-word=\"Contract\" style=\"--word-index: 1; --line-index: 0;\">Contracter<\/span><\/span>\r\n                    <\/span>\r\n                <\/a>\r\n            <\/h3>\r\n            <div class=\"image\" data-onovo-overlay=\"\" data-onovo-scroll=\"\" data-scroll=\"in\">\r\n                <span class=\"img lazyloaded\" data-bg=\"https:\/\/ekblocks.com\/wp-content\/uploads\/2024\/02\/7-1-scaled.webp\" style=\"background-image: url(&quot;https:\/\/ekblocks.com\/wp-content\/uploads\/2024\/02\/7-1-scaled.webp&quot;);\"><\/span>\r\n                <div class=\"onovo-overlay\"><\/div>\r\n            <\/div>\r\n        <\/div>\r\n        <div class=\"onovo-showcase-item\">\r\n            <div class=\"category\">\r\n                <a href=\"\">\r\n                    <span data-splitting=\"\" data-onovo-scroll=\"\" class=\"words lines splitting\" data-scroll=\"in\" style=\"--word-total: 1; --line-total: 1;\">\r\n                        <span><span><span class=\"word\" data-word=\"DOCUMENT\" style=\"--word-index: 0; --line-index: 0;\">DOCUMENT<\/span><\/span><\/span>\r\n                    <\/span>\r\n                <\/a>\r\n            <\/div>\r\n            <h3 class=\"title\">\r\n                <a href=\"\">\r\n                    <span class=\"onovo-lnk words lines splitting\" data-splitting=\"\" data-onovo-scroll=\"\" data-scroll=\"in\" style=\"--word-total: 2; --line-total: 1;\">\r\n                        <span><span class=\"word\" data-word=\"Management\" style=\"--word-index: 0; --line-index: 0;\">Gestion<\/span><\/span>\r\n                        <span class=\"whitespace\"> <\/span>\r\n                        <span><span class=\"word\" data-word=\"Cloud-Based\" style=\"--word-index: 1; --line-index: 0;\">Bas\u00e9 sur le cloud<\/span><\/span>\r\n                    <\/span>\r\n                <\/a>\r\n            <\/h3>\r\n            <div class=\"image\" data-onovo-overlay=\"\" data-onovo-scroll=\"\" data-scroll=\"in\">\r\n                <span class=\"img lazyloaded\" data-bg=\"https:\/\/ekblocks.com\/wp-content\/uploads\/2024\/02\/8-1-jpg.webp\" style=\"background-image: url(&quot;https:\/\/ekblocks.com\/wp-content\/uploads\/2024\/02\/8-1-jpg.webp&quot;);\"><\/span>\r\n                <div class=\"onovo-overlay\"><\/div>\r\n            <\/div>\r\n        <\/div>\r\n        <div class=\"onovo-showcase-item\">\r\n            <div class=\"category\">\r\n                <a href=\"\">\r\n                    <span data-splitting=\"\" data-onovo-scroll=\"\" class=\"words lines splitting\" data-scroll=\"in\" style=\"--word-total: 1; --line-total: 1;\">\r\n                        <span><span><span class=\"word\" data-word=\"COMMUNICATION\" style=\"--word-index: 0; --line-index: 0;\">COMMUNICATION<\/span><\/span><\/span>\r\n                    <\/span>\r\n                <\/a>\r\n            <\/div>\r\n            <h3 class=\"title\">\r\n                <a href=\"\">\r\n                    <span class=\"onovo-lnk words lines splitting\" data-splitting=\"\" data-onovo-scroll=\"\" data-scroll=\"in\" style=\"--word-total: 2; --line-total: 1;\">\r\n                        <span><span class=\"word\" data-word=\"Secure\" style=\"--word-index: 0; --line-index: 0;\">S\u00e9curis\u00e9<\/span><\/span>\r\n                        <span class=\"whitespace\"> <\/span>\r\n                        <span><span class=\"word\" data-word=\"Messaging\" style=\"--word-index: 1; --line-index: 0;\">Messagerie<\/span><\/span>\r\n                    <\/span>\r\n                <\/a>\r\n            <\/h3>\r\n            <div class=\"image\" data-onovo-overlay=\"\" data-onovo-scroll=\"\" data-scroll=\"in\">\r\n                <span class=\"img lazyloaded\" data-bg=\"https:\/\/ekblocks.com\/wp-content\/uploads\/2024\/02\/5-jpg.webp\" style=\"background-image: url(&quot;https:\/\/ekblocks.com\/wp-content\/uploads\/2024\/02\/5-jpg.webp&quot;);\"><\/span>\r\n                <div class=\"onovo-overlay\"><\/div>\r\n            <\/div>\r\n        <\/div>\r\n        <div class=\"onovo-showcase-item\">\r\n            <div class=\"category\">\r\n                <a href=\"\">\r\n                    <span data-splitting=\"\" data-onovo-scroll=\"\" class=\"words lines splitting\" data-scroll=\"in\" style=\"--word-total: 1; --line-total: 1;\">\r\n                        <span><span><span class=\"word\" data-word=\"CLIENT\" style=\"--word-index: 0; --line-index: 0;\">CLIENT<\/span><\/span><\/span>\r\n                    <\/span>\r\n                <\/a>\r\n            <\/div>\r\n            <h3 class=\"title\">\r\n                <a href=\"\">\r\n                    <span class=\"onovo-lnk words lines splitting\" data-splitting=\"\" data-onovo-scroll=\"\" data-scroll=\"in\" style=\"--word-total: 2; --line-total: 1;\">\r\n                        <span><span class=\"word\" data-word=\"ENGAGEMENT\" style=\"--word-index: 0; --line-index: 0;\">FIAN\u00c7AILLES<\/span><\/span>\r\n                        <span class=\"whitespace\"> <\/span>\r\n                        <span><span class=\"word\" data-word=\"Online\" style=\"--word-index: 1; --line-index: 0;\">En ligne<\/span><\/span>\r\n                    <\/span>\r\n                <\/a>\r\n            <\/h3>\r\n            <div class=\"image\" data-onovo-overlay=\"\" data-onovo-scroll=\"\" data-scroll=\"in\">\r\n                <span class=\"img lazyloaded\" data-bg=\"https:\/\/ekblocks.com\/wp-content\/uploads\/2024\/01\/portrait-femme-travailleur-du-service-client-scaled.webp\" style=\"background-image: url(&quot;https:\/\/ekblocks.com\/wp-content\/uploads\/2024\/01\/portrait-femme-travailleur-du-service-client-scaled.webp&quot;);\"><\/span>\r\n                <div class=\"onovo-overlay\"><\/div>\r\n            <\/div>\r\n        <\/div>\r\n    <\/div>\r\n<\/div>\r\n\n<\/div><\/div>\n\n\n\n<div style=\"height:100px\" aria-hidden=\"true\" class=\"wp-block-spacer\"><\/div>","protected":false},"excerpt":{"rendered":"<p>ECOSYSTEM Positive growth. Nature, in the common sense, refers to essences unchanged by man; space, the air, the river, the leaf.&nbsp;Art&nbsp;is applied to the mixture of his will with the same things, as in a house, a canal, a statue, a picture. But his operations taken together are so insignificant, a little chipping, baking, patching, [&hellip;]<\/p>\n","protected":false},"author":3,"featured_media":0,"parent":0,"menu_order":0,"comment_status":"closed","ping_status":"closed","template":"","meta":{"_uag_custom_page_level_css":"","site-sidebar-layout":"no-sidebar","site-content-layout":"page-builder","ast-site-content-layout":"full-width-container","site-content-style":"unboxed","site-sidebar-style":"unboxed","ast-global-header-display":"","ast-banner-title-visibility":"","ast-main-header-display":"","ast-hfb-above-header-display":"","ast-hfb-below-header-display":"","ast-hfb-mobile-header-display":"","site-post-title":"disabled","ast-breadcrumbs-content":"","ast-featured-img":"disabled","footer-sml-layout":"","theme-transparent-header-meta":"enabled","adv-header-id-meta":"","stick-header-meta":"","header-above-stick-meta":"","header-main-stick-meta":"","header-below-stick-meta":"","astra-migrate-meta-layouts":"set","ast-page-background-enabled":"default","ast-page-background-meta":{"desktop":{"background-color":"var(--ast-global-color-4)","background-image":"","background-repeat":"repeat","background-position":"center center","background-size":"auto","background-attachment":"scroll","background-type":"","background-media":"","overlay-type":"","overlay-color":"","overlay-opacity":"","overlay-gradient":""},"tablet":{"background-color":"","background-image":"","background-repeat":"repeat","background-position":"center center","background-size":"auto","background-attachment":"scroll","background-type":"","background-media":"","overlay-type":"","overlay-color":"","overlay-opacity":"","overlay-gradient":""},"mobile":{"background-color":"","background-image":"","background-repeat":"repeat","background-position":"center center","background-size":"auto","background-attachment":"scroll","background-type":"","background-media":"","overlay-type":"","overlay-color":"","overlay-opacity":"","overlay-gradient":""}},"ast-content-background-meta":{"desktop":{"background-color":"var(--ast-global-color-5)","background-image":"","background-repeat":"repeat","background-position":"center center","background-size":"auto","background-attachment":"scroll","background-type":"","background-media":"","overlay-type":"","overlay-color":"","overlay-opacity":"","overlay-gradient":""},"tablet":{"background-color":"var(--ast-global-color-5)","background-image":"","background-repeat":"repeat","background-position":"center center","background-size":"auto","background-attachment":"scroll","background-type":"","background-media":"","overlay-type":"","overlay-color":"","overlay-opacity":"","overlay-gradient":""},"mobile":{"background-color":"var(--ast-global-color-5)","background-image":"","background-repeat":"repeat","background-position":"center center","background-size":"auto","background-attachment":"scroll","background-type":"","background-media":"","overlay-type":"","overlay-color":"","overlay-opacity":"","overlay-gradient":""}},"footnotes":""},"class_list":["post-3731","page","type-page","status-publish","hentry"],"uagb_featured_image_src":{"full":false,"thumbnail":false,"medium":false,"medium_large":false,"large":false,"1536x1536":false,"2048x2048":false,"trp-custom-language-flag":false},"uagb_author_info":{"display_name":"Issam El Bayed","author_link":"https:\/\/ekblocks.com\/fr\/author\/issam\/"},"uagb_comment_info":0,"uagb_excerpt":"ECOSYSTEM Positive growth. Nature, in the common sense, refers to essences unchanged by man; space, the air, the river, the leaf.&nbsp;Art&nbsp;is applied to the mixture of his will with the same things, as in a house, a canal, a statue, a picture. But his operations taken together are so insignificant, a little chipping, baking, patching,\u2026","_links":{"self":[{"href":"https:\/\/ekblocks.com\/fr\/wp-json\/wp\/v2\/pages\/3731","targetHints":{"allow":["GET"]}}],"collection":[{"href":"https:\/\/ekblocks.com\/fr\/wp-json\/wp\/v2\/pages"}],"about":[{"href":"https:\/\/ekblocks.com\/fr\/wp-json\/wp\/v2\/types\/page"}],"author":[{"embeddable":true,"href":"https:\/\/ekblocks.com\/fr\/wp-json\/wp\/v2\/users\/3"}],"replies":[{"embeddable":true,"href":"https:\/\/ekblocks.com\/fr\/wp-json\/wp\/v2\/comments?post=3731"}],"version-history":[{"count":20,"href":"https:\/\/ekblocks.com\/fr\/wp-json\/wp\/v2\/pages\/3731\/revisions"}],"predecessor-version":[{"id":3771,"href":"https:\/\/ekblocks.com\/fr\/wp-json\/wp\/v2\/pages\/3731\/revisions\/3771"}],"wp:attachment":[{"href":"https:\/\/ekblocks.com\/fr\/wp-json\/wp\/v2\/media?parent=3731"}],"curies":[{"name":"wp","href":"https:\/\/api.w.org\/{rel}","templated":true}]}}