{"id":3302,"date":"2024-01-16T11:26:46","date_gmt":"2024-01-16T11:26:46","guid":{"rendered":"https:\/\/ekblocks.com\/?page_id=3302"},"modified":"2024-01-26T10:06:52","modified_gmt":"2024-01-26T10:06:52","slug":"join-us","status":"publish","type":"page","link":"https:\/\/ekblocks.com\/fr\/join-us\/","title":{"rendered":"Rejoignez-nous"},"content":{"rendered":"<div class=\"wp-block-uagb-container uagb-block-108ba6db alignfull uagb-is-root-container\"><div class=\"uagb-container-inner-blocks-wrap\">\n<div class=\"wp-block-columns is-layout-flex wp-container-core-columns-is-layout-3057ccbc wp-block-columns-is-layout-flex\" style=\"margin-top:200px;margin-bottom:0\">\n<div class=\"wp-block-column is-layout-flow wp-block-column-is-layout-flow\">\n<h2 class=\"wp-block-heading has-text-align-left has-ast-global-color-4-color has-text-color has-link-color wp-elements-38e6ff0cdffcddb012d264934117aff4\" style=\"margin-top:20px;margin-bottom:30px\">Rejoins notre \u00e9quipe<\/h2>\n\n\n\n<p class=\"has-ast-global-color-4-color has-text-color has-link-color wp-elements-7dd81c3e645a980991b86a9b2b7b6276\" style=\"margin-right:var(--wp--preset--spacing--30);margin-left:var(--wp--preset--spacing--30)\">Nous sommes continuellement \u00e0 la recherche de talents exceptionnels du Maroc, du Moyen-Orient et d&#039;ailleurs pour rejoindre notre famille Ekblocks.<\/p>\n\n\n\n<p class=\"has-ast-global-color-4-color has-text-color has-link-color wp-elements-c5707089750458a88405738c5465e662\" style=\"margin-right:var(--wp--preset--spacing--30);margin-left:var(--wp--preset--spacing--30)\">Veuillez soumettre votre CV, accompagn\u00e9 des d\u00e9tails de votre expertise et de vos coordonn\u00e9es en utilisant notre formulaire de soumission.<\/p>\n\n\n\n<p class=\"has-ast-global-color-4-color has-text-color has-link-color wp-elements-14b155068eabc7d58385878733880acc\" style=\"margin-right:var(--wp--preset--spacing--30);margin-left:var(--wp--preset--spacing--30)\">Votre CV sera inclus dans notre vivier de candidats, et si nous trouvons une opportunit\u00e9 ou un poste correspondant \u00e0 votre profil, nous vous contacterons.<\/p>\n\n\n\n<p class=\"has-ast-global-color-4-color has-text-color has-link-color wp-elements-a05c07aba9a170d39674329486c58253\" style=\"margin-right:var(--wp--preset--spacing--30);margin-left:var(--wp--preset--spacing--30)\">Pensez-vous avoir ce qu&#039;il faut pour faire partie de la famille Ekblocks\u00a0? Nous sommes impatients d&#039;avoir de vos nouvelles !<\/p>\n<\/div>\n\n\n\n<div class=\"wp-block-column has-black-color has-text-color has-link-color wp-elements-9f7cef550d302290a5087634424f4130 is-layout-flow wp-block-column-is-layout-flow\">\n<div class=\"wpcf7 no-js\" id=\"wpcf7-f3276-o1\" lang=\"en-US\" dir=\"ltr\" data-wpcf7-id=\"3276\">\n<div class=\"screen-reader-response\"><p role=\"status\" aria-live=\"polite\" aria-atomic=\"true\"><\/p> <ul><\/ul><\/div>\n<form action=\"\/fr\/wp-json\/wp\/v2\/pages\/3302#wpcf7-f3276-o1\" method=\"post\" class=\"wpcf7-form init\" aria-label=\"Formulaire de contact\" enctype=\"multipart\/form-data\" novalidate=\"novalidate\" data-status=\"init\" data-trp-original-action=\"\/fr\/wp-json\/wp\/v2\/pages\/3302#wpcf7-f3276-o1\">\n<fieldset class=\"hidden-fields-container\"><input type=\"hidden\" name=\"_wpcf7\" value=\"3276\" \/><input type=\"hidden\" name=\"_wpcf7_version\" value=\"6.1.5\" \/><input type=\"hidden\" name=\"_wpcf7_locale\" value=\"en_US\" \/><input type=\"hidden\" name=\"_wpcf7_unit_tag\" value=\"wpcf7-f3276-o1\" \/><input type=\"hidden\" name=\"_wpcf7_container_post\" value=\"0\" \/><input type=\"hidden\" name=\"_wpcf7_posted_data_hash\" value=\"\" \/>\n<\/fieldset>\n<div class=\"custom-form\">\n\t<p><label> Nom et pr\u00e9nom<br \/>\n<span class=\"wpcf7-form-control-wrap\" data-name=\"your-name\"><input size=\"40\" maxlength=\"400\" class=\"wpcf7-form-control wpcf7-text wpcf7-validates-as-required\" autocomplete=\"name\" aria-required=\"true\" aria-invalid=\"false\" placeholder=\"nom et pr\u00e9nom\" value=\"\" type=\"text\" name=\"your-name\" \/><\/span> <\/label>\n\t<\/p>\n\t<p><label> E-mail<br \/>\n<span class=\"wpcf7-form-control-wrap\" data-name=\"your-email\"><input size=\"40\" maxlength=\"400\" class=\"wpcf7-form-control wpcf7-email wpcf7-validates-as-required wpcf7-text wpcf7-validates-as-email\" autocomplete=\"email\" aria-required=\"true\" aria-invalid=\"false\" placeholder=\"e-mail\" value=\"\" type=\"email\" name=\"your-email\" \/><\/span> <\/label>\n\t<\/p>\n\t<p><label> Num\u00e9ro de t\u00e9l\u00e9phone<br \/>\n<span class=\"wpcf7-form-control-wrap\" data-name=\"tel\"><input size=\"40\" maxlength=\"400\" class=\"wpcf7-form-control wpcf7-tel wpcf7-validates-as-required wpcf7-text wpcf7-validates-as-tel\" aria-required=\"true\" aria-invalid=\"false\" placeholder=\"num\u00e9ro de t\u00e9l\u00e9phone\" value=\"\" type=\"tel\" name=\"tel\" \/><\/span> <\/label>\n\t<\/p>\n\t<p><span class=\"wpcf7-form-control-wrap\" data-name=\"Resume\"><input size=\"40\" class=\"wpcf7-form-control wpcf7-file wpcf7-validates-as-required\" accept=\".pdf\" aria-required=\"true\" aria-invalid=\"false\" type=\"file\" name=\"Resume\" \/><\/span>\n\t<\/p>\n\t<p><input class=\"wpcf7-form-control wpcf7-submit has-spinner\" type=\"submit\" value=\"Soumettre\" \/>\n\t<\/p>\n<\/div><div class=\"wpcf7-response-output\" aria-hidden=\"true\"><\/div>\n<input type=\"hidden\" name=\"trp-form-language\" value=\"fr\"\/><\/form>\n<\/div>\n\n<\/div>\n<\/div>\n<\/div><\/div>","protected":false},"excerpt":{"rendered":"<p>Join Our Team We are continually searching for exceptional talent from Morocco,the Middle East, and beyond to join our Ekblocks family. Kindly submit your CV, along with details of your expertise and contact information using our submission form. Your resume will be included in our candidate pool, and should we find a fitting opportunity or [&hellip;]<\/p>\n","protected":false},"author":3,"featured_media":0,"parent":0,"menu_order":0,"comment_status":"closed","ping_status":"closed","template":"","meta":{"_uag_custom_page_level_css":"\n\n\n\n\n\n\/* Apply styles to the form container *\/\n.custom-form {\n  max-width: 500px;\n  margin: 0 auto;\n  background-color: #F4F6F9;\n  padding: 20px;\n  border-radius: 8px;\n  box-shadow: 0 0 10px rgba(0, 0, 0, 0.1);\n}\n\n\/* Apply styles to labels *\/\n.custom-form label {\n  display: block;\n \u00a0margin-bottom: 2px;\n  font-weight: bold;\n}\n\n\/* Apply styles to text input and email input *\/\n.custom-form input[type=\"text\"],\n.custom-form input[type=\"email\"],\n.custom-form input[type=\"tel\"] {\n  width: 100%;\n  padding: 10px;\n  margin-bottom: 1px;\n  box-sizing: border-box;\n  border: 1px solid #ccc;\n  border-radius: 4px;\n  font-size: 16px;\n}\n\n\/* Apply styles to file input *\/\n.custom-form input[type=\"file\"] {\n  margin-bottom: 10px;\n}\n\n\/* Apply styles to submit button *\/\n.custom-form input[type=\"submit\"] {\n  background-color: #1CAB98;\n  color: #fff;\n  padding: 12px 20px;\n  border: none;\n  border-radius: 5px;\n  cursor: pointer;\n  font-size: 16px;\n}\n\n\/* Optional: Hover effect for submit button *\/\n.custom-form input[type=\"submit\"]:hover {\n  background-color: #11123A;\n}\n","site-sidebar-layout":"default","site-content-layout":"","ast-site-content-layout":"full-width-container","site-content-style":"unboxed","site-sidebar-style":"default","ast-global-header-display":"","ast-banner-title-visibility":"","ast-main-header-display":"","ast-hfb-above-header-display":"","ast-hfb-below-header-display":"","ast-hfb-mobile-header-display":"","site-post-title":"disabled","ast-breadcrumbs-content":"","ast-featured-img":"","footer-sml-layout":"","theme-transparent-header-meta":"enabled","adv-header-id-meta":"","stick-header-meta":"","header-above-stick-meta":"","header-main-stick-meta":"","header-below-stick-meta":"","astra-migrate-meta-layouts":"set","ast-page-background-enabled":"default","ast-page-background-meta":{"desktop":{"background-color":"var(--ast-global-color-4)","background-image":"","background-repeat":"repeat","background-position":"center center","background-size":"auto","background-attachment":"scroll","background-type":"","background-media":"","overlay-type":"","overlay-color":"","overlay-opacity":"","overlay-gradient":""},"tablet":{"background-color":"","background-image":"","background-repeat":"repeat","background-position":"center center","background-size":"auto","background-attachment":"scroll","background-type":"","background-media":"","overlay-type":"","overlay-color":"","overlay-opacity":"","overlay-gradient":""},"mobile":{"background-color":"","background-image":"","background-repeat":"repeat","background-position":"center center","background-size":"auto","background-attachment":"scroll","background-type":"","background-media":"","overlay-type":"","overlay-color":"","overlay-opacity":"","overlay-gradient":""}},"ast-content-background-meta":{"desktop":{"background-color":"var(--ast-global-color-5)","background-image":"","background-repeat":"repeat","background-position":"center center","background-size":"auto","background-attachment":"scroll","background-type":"","background-media":"","overlay-type":"","overlay-color":"","overlay-opacity":"","overlay-gradient":""},"tablet":{"background-color":"var(--ast-global-color-5)","background-image":"","background-repeat":"repeat","background-position":"center center","background-size":"auto","background-attachment":"scroll","background-type":"","background-media":"","overlay-type":"","overlay-color":"","overlay-opacity":"","overlay-gradient":""},"mobile":{"background-color":"var(--ast-global-color-5)","background-image":"","background-repeat":"repeat","background-position":"center center","background-size":"auto","background-attachment":"scroll","background-type":"","background-media":"","overlay-type":"","overlay-color":"","overlay-opacity":"","overlay-gradient":""}},"footnotes":""},"class_list":["post-3302","page","type-page","status-publish","hentry"],"uagb_featured_image_src":{"full":false,"thumbnail":false,"medium":false,"medium_large":false,"large":false,"1536x1536":false,"2048x2048":false,"trp-custom-language-flag":false},"uagb_author_info":{"display_name":"Issam El Bayed","author_link":"https:\/\/ekblocks.com\/fr\/author\/issam\/"},"uagb_comment_info":0,"uagb_excerpt":"Join Our Team We are continually searching for exceptional talent from Morocco,the Middle East, and beyond to join our Ekblocks family. Kindly submit your CV, along with details of your expertise and contact information using our submission form. Your resume will be included in our candidate pool, and should we find a fitting opportunity or\u2026","_links":{"self":[{"href":"https:\/\/ekblocks.com\/fr\/wp-json\/wp\/v2\/pages\/3302","targetHints":{"allow":["GET"]}}],"collection":[{"href":"https:\/\/ekblocks.com\/fr\/wp-json\/wp\/v2\/pages"}],"about":[{"href":"https:\/\/ekblocks.com\/fr\/wp-json\/wp\/v2\/types\/page"}],"author":[{"embeddable":true,"href":"https:\/\/ekblocks.com\/fr\/wp-json\/wp\/v2\/users\/3"}],"replies":[{"embeddable":true,"href":"https:\/\/ekblocks.com\/fr\/wp-json\/wp\/v2\/comments?post=3302"}],"version-history":[{"count":26,"href":"https:\/\/ekblocks.com\/fr\/wp-json\/wp\/v2\/pages\/3302\/revisions"}],"predecessor-version":[{"id":3590,"href":"https:\/\/ekblocks.com\/fr\/wp-json\/wp\/v2\/pages\/3302\/revisions\/3590"}],"wp:attachment":[{"href":"https:\/\/ekblocks.com\/fr\/wp-json\/wp\/v2\/media?parent=3302"}],"curies":[{"name":"wp","href":"https:\/\/api.w.org\/{rel}","templated":true}]}}