{"id":3113,"date":"2024-01-08T13:41:22","date_gmt":"2024-01-08T13:41:22","guid":{"rendered":"https:\/\/ekblocks.com\/?page_id=3113"},"modified":"2024-05-13T14:13:28","modified_gmt":"2024-05-13T14:13:28","slug":"cyber-security","status":"publish","type":"page","link":"https:\/\/ekblocks.com\/fr\/cyber-security\/","title":{"rendered":"La cyber-s\u00e9curit\u00e9"},"content":{"rendered":"<div class=\"wp-block-uagb-container uagb-block-78fbda14 alignfull uagb-is-root-container\"><div class=\"uagb-container-inner-blocks-wrap\">\n<div class=\"wp-block-columns is-layout-flex wp-container-core-columns-is-layout-28f84493 wp-block-columns-is-layout-flex\">\n<div class=\"wp-block-column is-layout-flow wp-block-column-is-layout-flow\" style=\"flex-basis:100%\">\n<div class=\"wp-block-uagb-info-box uagb-block-38b626f9 uagb-infobox__content-wrap  uagb-infobox-icon-above-title uagb-infobox-image-valign-top\"><div class=\"uagb-ifb-content\"><div class=\"uagb-ifb-title-wrap\"><span class=\"uagb-ifb-title-prefix\">La cyber-s\u00e9curit\u00e9<\/span><h4 class=\"uagb-ifb-title\">Identifiez les vuln\u00e9rabilit\u00e9s avant que les pirates ne puissent le faire<\/h4><\/div><p class=\"uagb-ifb-desc\">Choisissez ekBlocks pour une gamme globale de services de cybers\u00e9curit\u00e9, propos\u00e9s directement par notre \u00e9quipe exp\u00e9riment\u00e9e, garantissant des solutions expertes sans avoir recours \u00e0 des interm\u00e9diaires ou des sous-traitants.<\/p><div class=\"uagb-ifb-button-wrapper wp-block-button\"><a href=\"\/fr\/contact\/\" class=\"uagb-infobox-cta-link wp-block-button__link\" target=\"_self\" rel=\"noopener noreferrer\" onclick=\"return true;\" alt=\"\"><span class=\"uagb-inline-editing\">\u00e9crivez-nous<\/span><svg xmlns=\"https:\/\/www.w3.org\/2000\/svg\" viewbox=\"0 0 512 512\"><path d=\"M504.3 273.6l-112.1 104c-6.992 6.484-17.18 8.218-25.94 4.406c-8.758-3.812-14.42-12.45-14.42-21.1L351.9 288H32C14.33 288 .0002 273.7 .0002 255.1S14.33 224 32 224h319.9l0-72c0-9.547 5.66-18.19 14.42-22c8.754-3.809 18.95-2.075 25.94 4.41l112.1 104C514.6 247.9 514.6 264.1 504.3 273.6z\"><\/path><\/svg><\/a><\/div><\/div><\/div>\n<\/div>\n<\/div>\n<\/div><\/div>\n\n\n\n<div class=\"wp-block-uagb-container uagb-block-e7d73200 alignfull uagb-is-root-container\"><div class=\"uagb-container-inner-blocks-wrap\">\n<div class=\"wp-block-uagb-container uagb-block-665f7655\">\n<div class=\"wp-block-uagb-advanced-heading uagb-block-52e6f048\"><h2 class=\"uagb-heading-text\">Nos services<\/h2><p class=\"uagb-desc-text\">Tests de stylet internes, externes, de contournement physique, de Red Teaming, sans fil et d&#039;application Web<\/p><\/div>\n<\/div>\n\n\n\n<div class=\"wp-block-uagb-container uagb-block-4e055757 alignfull uagb-is-root-container\"><div class=\"uagb-container-inner-blocks-wrap\">\n<div class=\"wp-block-uagb-container uagb-block-07da9de1\">\n<div class=\"wp-block-uagb-container uagb-block-51075e3c\">\n<div class=\"wp-block-uagb-info-box uagb-block-41b7352e uagb-infobox__content-wrap  uagb-infobox-icon-above-title uagb-infobox-image-valign-top\"><div class=\"uagb-ifb-content\"><div class=\"uagb-ifb-icon-wrap\"><svg xmlns=\"https:\/\/www.w3.org\/2000\/svg\" viewbox=\"0 0 496 512\"><path d=\"M248 43.4C130.6 43.4 35.4 138.6 35.4 256S130.6 468.6 248 468.6 460.6 373.4 460.6 256 365.4 43.4 248 43.4zm-97.4 132.9c0-53.7 43.7-97.4 97.4-97.4s97.4 43.7 97.4 97.4v26.6c0 5-3.9 8.9-8.9 8.9h-17.7c-5 0-8.9-3.9-8.9-8.9v-26.6c0-82.1-124-82.1-124 0v26.6c0 5-3.9 8.9-8.9 8.9h-17.7c-5 0-8.9-3.9-8.9-8.9v-26.6zM389.7 380c0 9.7-8 17.7-17.7 17.7H124c-9.7 0-17.7-8-17.7-17.7V238.3c0-9.7 8-17.7 17.7-17.7h248c9.7 0 17.7 8 17.7 17.7V380zm-248-137.3v132.9c0 2.5-1.9 4.4-4.4 4.4h-8.9c-2.5 0-4.4-1.9-4.4-4.4V242.7c0-2.5 1.9-4.4 4.4-4.4h8.9c2.5 0 4.4 1.9 4.4 4.4zm141.7 48.7c0 13-7.2 24.4-17.7 30.4v31.6c0 5-3.9 8.9-8.9 8.9h-17.7c-5 0-8.9-3.9-8.9-8.9v-31.6c-10.5-6.1-17.7-17.4-17.7-30.4 0-19.7 15.8-35.4 35.4-35.4s35.5 15.8 35.5 35.4zM248 8C111 8 0 119 0 256s111 248 248 248 248-111 248-248S385 8 248 8zm0 478.3C121 486.3 17.7 383 17.7 256S121 25.7 248 25.7 478.3 129 478.3 256 375 486.3 248 486.3z\"><\/path><\/svg><\/div><div class=\"uagb-ifb-title-wrap\"><span class=\"uagb-ifb-title-prefix\">1.<\/span><h4 class=\"uagb-ifb-title\">TESTS DE P\u00c9N\u00c9TRATION EXTERNE<\/h4><\/div><p class=\"uagb-ifb-desc\">En \u00e9valuant vos syst\u00e8mes connect\u00e9s \u00e0 Internet, notre test de p\u00e9n\u00e9tration externe simule des attaques r\u00e9elles, fournissant des informations cl\u00e9s sur les cybermenaces potentielles du point de vue d&#039;un \u00e9tranger.<\/p><\/div><\/div>\n<\/div>\n\n\n\n<div class=\"wp-block-uagb-container uagb-block-8da79abb\">\n<div class=\"wp-block-uagb-info-box uagb-block-563488a2 uagb-infobox__content-wrap  uagb-infobox-icon-above-title uagb-infobox-image-valign-top\"><div class=\"uagb-ifb-content\"><div class=\"uagb-ifb-icon-wrap\"><svg xmlns=\"https:\/\/www.w3.org\/2000\/svg\" viewbox=\"0 0 640 512\"><path d=\"M480 192H592C618.5 192 640 213.5 640 240V464C640 490.5 618.5 512 592 512H48C21.49 512 0 490.5 0 464V144C0 117.5 21.49 96 48 96H64V24C64 10.75 74.75 0 88 0C101.3 0 112 10.75 112 24V96H176V24C176 10.75 186.7 0 200 0C213.3 0 224 10.75 224 24V96H288V48C288 21.49 309.5 0 336 0H432C458.5 0 480 21.49 480 48V192zM576 368C576 359.2 568.8 352 560 352H528C519.2 352 512 359.2 512 368V400C512 408.8 519.2 416 528 416H560C568.8 416 576 408.8 576 400V368zM240 416C248.8 416 256 408.8 256 400V368C256 359.2 248.8 352 240 352H208C199.2 352 192 359.2 192 368V400C192 408.8 199.2 416 208 416H240zM128 368C128 359.2 120.8 352 112 352H80C71.16 352 64 359.2 64 368V400C64 408.8 71.16 416 80 416H112C120.8 416 128 408.8 128 400V368zM528 256C519.2 256 512 263.2 512 272V304C512 312.8 519.2 320 528 320H560C568.8 320 576 312.8 576 304V272C576 263.2 568.8 256 560 256H528zM256 176C256 167.2 248.8 160 240 160H208C199.2 160 192 167.2 192 176V208C192 216.8 199.2 224 208 224H240C248.8 224 256 216.8 256 208V176zM80 160C71.16 160 64 167.2 64 176V208C64 216.8 71.16 224 80 224H112C120.8 224 128 216.8 128 208V176C128 167.2 120.8 160 112 160H80zM256 272C256 263.2 248.8 256 240 256H208C199.2 256 192 263.2 192 272V304C192 312.8 199.2 320 208 320H240C248.8 320 256 312.8 256 304V272zM112 320C120.8 320 128 312.8 128 304V272C128 263.2 120.8 256 112 256H80C71.16 256 64 263.2 64 272V304C64 312.8 71.16 320 80 320H112zM416 272C416 263.2 408.8 256 400 256H368C359.2 256 352 263.2 352 272V304C352 312.8 359.2 320 368 320H400C408.8 320 416 312.8 416 304V272zM368 64C359.2 64 352 71.16 352 80V112C352 120.8 359.2 128 368 128H400C408.8 128 416 120.8 416 112V80C416 71.16 408.8 64 400 64H368zM416 176C416 167.2 408.8 160 400 160H368C359.2 160 352 167.2 352 176V208C352 216.8 359.2 224 368 224H400C408.8 224 416 216.8 416 208V176z\"><\/path><\/svg><\/div><div class=\"uagb-ifb-title-wrap\"><span class=\"uagb-ifb-title-prefix\">2.<\/span><h4 class=\"uagb-ifb-title\"><strong>TESTS DE P\u00c9N\u00c9TRATION INTERNE<\/strong>\u200b<\/h4><\/div><p class=\"uagb-ifb-desc\">Sondant en interne vos r\u00e9seaux et syst\u00e8mes, notre test d&#039;intrusion interne imite les cyberattaques r\u00e9elles, offrant un aper\u00e7u des menaces internes potentielles, y compris des risques tels que les ransomwares.<\/p><\/div><\/div>\n<\/div>\n\n\n\n<div class=\"wp-block-uagb-container uagb-block-865cfcc6\">\n<div class=\"wp-block-uagb-info-box uagb-block-1ec6dda2 uagb-infobox__content-wrap  uagb-infobox-icon-above-title uagb-infobox-image-valign-top\"><div class=\"uagb-ifb-content\"><div class=\"uagb-ifb-icon-wrap\"><svg xmlns=\"https:\/\/www.w3.org\/2000\/svg\" viewbox=\"0 0 448 512\"><path d=\"M395.5 177.5c0 33.8-27.5 61-61 61-33.8 0-61-27.3-61-61s27.3-61 61-61c33.5 0 61 27.2 61 61zm52.5 .2c0 63-51 113.8-113.7 113.8L225 371.3c-4 43-40.5 76.8-84.5 76.8-40.5 0-74.7-28.8-83-67L0 358V250.7L97.2 290c15.1-9.2 32.2-13.3 52-11.5l71-101.7c.5-62.3 51.5-112.8 114-112.8C397 64 448 115 448 177.7zM203 363c0-34.7-27.8-62.5-62.5-62.5-4.5 0-9 .5-13.5 1.5l26 10.5c25.5 10.2 38 39 27.7 64.5-10.2 25.5-39.2 38-64.7 27.5-10.2-4-20.5-8.3-30.7-12.2 10.5 19.7 31.2 33.2 55.2 33.2 34.7 0 62.5-27.8 62.5-62.5zm207.5-185.3c0-42-34.3-76.2-76.2-76.2-42.3 0-76.5 34.2-76.5 76.2 0 42.2 34.3 76.2 76.5 76.2 41.9 .1 76.2-33.9 76.2-76.2z\"><\/path><\/svg><\/div><div class=\"uagb-ifb-title-wrap\"><span class=\"uagb-ifb-title-prefix\">3.<\/span><h4 class=\"uagb-ifb-title\">TESTS DE P\u00c9N\u00c9TRATION D&#039;APPLICATIONS WEB<\/h4><\/div><p class=\"uagb-ifb-desc\">Nous effectuons des tests d&#039;intrusion d&#039;applications Web pour identifier et corriger les vuln\u00e9rabilit\u00e9s, que vos applications soient sur le cloud, suivent des architectures traditionnelles \u00e0 3 niveaux ou utilisent toute autre configuration.<\/p><\/div><\/div>\n<\/div>\n<\/div>\n\n\n\n<div class=\"wp-block-uagb-container uagb-block-86d7b07f\">\n<div class=\"wp-block-uagb-container uagb-block-6c58133e\">\n<div class=\"wp-block-uagb-info-box uagb-block-48b284e9 uagb-infobox__content-wrap  uagb-infobox-icon-above-title uagb-infobox-image-valign-top\"><div class=\"uagb-ifb-content\"><div class=\"uagb-ifb-icon-wrap\"><svg xmlns=\"https:\/\/www.w3.org\/2000\/svg\" viewbox=\"0 0 640 512\"><path d=\"M424.4 219.7C416.1 134.7 344.1 68 256.9 68c-72.27 0-136.2 46.52-159.2 114.1-54.54 8.029-96.63 54.82-96.63 111.6 0 62.3 50.67 112.1 113.2 112.1h289.6c52.33 0 94.97-42.36 94.97-94.69 0-45.13-32.12-83.06-74.48-92.2zm-20.49 144.5H114.3c-39.04 0-70.88-31.56-70.88-70.6s31.84-70.6 70.88-70.6c18.83 0 36.55 7.475 49.84 20.77 19.96 19.96 50.13-10.23 30.18-30.18-14.68-14.4-32.67-24.36-52.05-29.35 19.93-44.3 64.79-73.93 114.6-73.93 69.5 0 125.1 56.48 125.1 125.7 0 13.57-2.215 26.86-6.369 39.59-8.943 27.52 32.13 38.94 40.15 13.29 2.769-8.306 4.984-16.89 6.369-25.47 19.38 7.476 33.5 26.3 33.5 48.45 0 28.8-23.53 52.33-52.61 52.33zm235.1-52.33c0 44.02-12.74 86.39-37.1 122.7-4.153 6.092-10.8 9.414-17.72 9.414-16.32 0-27.13-18.83-17.44-32.95 19.38-29.35 29.9-63.68 29.9-99.12s-10.52-69.77-29.9-98.85c-15.65-22.83 19.36-47.24 35.16-23.53 24.37 35.99 37.1 78.36 37.1 122.4zm-70.88 0c0 31.57-9.137 62.02-26.86 88.32-4.153 6.091-10.8 9.136-17.72 9.136-17.2 0-27.02-18.98-17.44-32.95 13.01-19.1 19.66-41.26 19.66-64.51 0-22.98-6.645-45.41-19.66-64.51-15.76-22.99 19.01-47.1 35.16-23.53 17.72 26.03 26.86 56.48 26.86 88.05z\"><\/path><\/svg><\/div><div class=\"uagb-ifb-title-wrap\"><span class=\"uagb-ifb-title-prefix\">4.<\/span><h4 class=\"uagb-ifb-title\"><strong>SERVICES DE S\u00c9CURIT\u00c9 DU NUAGE<\/strong>\u200b\u200b<\/h4><\/div><p class=\"uagb-ifb-desc\">D\u00e9couvrez les vuln\u00e9rabilit\u00e9s dans les environnements cloud AWS, Azure et GCP gr\u00e2ce \u00e0 des examens complets de la configuration et des tests d&#039;intrusion, simulant les tactiques r\u00e9elles des cyber-attaquants.<\/p><\/div><\/div>\n<\/div>\n\n\n\n<div class=\"wp-block-uagb-container uagb-block-a5ded9ad\">\n<div class=\"wp-block-uagb-info-box uagb-block-53d3dcf0 uagb-infobox__content-wrap  uagb-infobox-icon-above-title uagb-infobox-image-valign-top\"><div class=\"uagb-ifb-content\"><div class=\"uagb-ifb-icon-wrap\"><svg xmlns=\"https:\/\/www.w3.org\/2000\/svg\" viewbox=\"0 0 512 512\"><path d=\"M256-.0078C260.7-.0081 265.2 1.008 269.4 2.913L457.7 82.79C479.7 92.12 496.2 113.8 496 139.1C495.5 239.2 454.7 420.7 282.4 503.2C265.7 511.1 246.3 511.1 229.6 503.2C57.25 420.7 16.49 239.2 15.1 139.1C15.87 113.8 32.32 92.12 54.3 82.79L242.7 2.913C246.8 1.008 251.4-.0081 256-.0078V-.0078zM256 444.8C393.1 378 431.1 230.1 432 141.4L256 66.77L256 444.8z\"><\/path><\/svg><\/div><div class=\"uagb-ifb-title-wrap\"><span class=\"uagb-ifb-title-prefix\">5.<\/span><h4 class=\"uagb-ifb-title\">SERVICES DE CONSEIL EN CYBERS\u00c9CURIT\u00c9<\/h4><\/div><p class=\"uagb-ifb-desc\">Nous offrons un soutien expert dans la gestion de vos cyber-risques, en vous fournissant des conseils strat\u00e9giques pour vous aider \u00e0 prioriser vos prochaines \u00e9tapes et \u00e0 am\u00e9liorer consid\u00e9rablement votre posture globale de cybers\u00e9curit\u00e9.<\/p><\/div><\/div>\n<\/div>\n\n\n\n<div class=\"wp-block-uagb-container uagb-block-8fa63c0a\">\n<div class=\"wp-block-uagb-info-box uagb-block-37ed6a21 uagb-infobox__content-wrap  uagb-infobox-icon-above-title uagb-infobox-image-valign-top\"><div class=\"uagb-ifb-content\"><div class=\"uagb-ifb-icon-wrap\"><svg xmlns=\"https:\/\/www.w3.org\/2000\/svg\" viewbox=\"0 0 448 512\"><path d=\"M80 192V144C80 64.47 144.5 0 224 0C303.5 0 368 64.47 368 144V192H384C419.3 192 448 220.7 448 256V448C448 483.3 419.3 512 384 512H64C28.65 512 0 483.3 0 448V256C0 220.7 28.65 192 64 192H80zM144 192H304V144C304 99.82 268.2 64 224 64C179.8 64 144 99.82 144 144V192z\"><\/path><\/svg><\/div><div class=\"uagb-ifb-title-wrap\"><span class=\"uagb-ifb-title-prefix\">6.<\/span><h4 class=\"uagb-ifb-title\">SERVICES DE CONFORMIT\u00c9<\/h4><\/div><p class=\"uagb-ifb-desc\">Atteignez vos objectifs de conformit\u00e9 en r\u00e9pondant aux exigences des tests d&#039;intrusion de mani\u00e8re efficace et avec un minimum de frais g\u00e9n\u00e9raux, garantissant ainsi un chemin rationalis\u00e9 vers le succ\u00e8s de la conformit\u00e9.<\/p><\/div><\/div>\n<\/div>\n<\/div>\n<\/div><\/div>\n\n\n\n<div class=\"wp-block-uagb-container uagb-block-baea3d45\">\n<div class=\"wp-block-uagb-container uagb-block-0647aded\">\n<div class=\"wp-block-uagb-advanced-heading uagb-block-9c81e2c3\"><h2 class=\"uagb-heading-text\">Je veux \u2026<\/h2><p class=\"uagb-desc-text\">Surmontez les d\u00e9fis sur la voie d&#039;une protection d&#039;entreprise 24h\/24 et 7j\/7, d\u00e9sormais r\u00e9solus.<\/p><\/div>\n\n\n\n<div class=\"wp-block-uagb-container uagb-block-711cd844 alignfull uagb-is-root-container\"><div class=\"uagb-container-inner-blocks-wrap\">\n<div class=\"wp-block-uagb-info-box uagb-block-a313e785 uagb-infobox__content-wrap  uagb-infobox-icon-above-title uagb-infobox-image-valign-top uag-blocks-common-selector\" style=\"--z-index-desktop:440;;--z-index-tablet:undefined;;--z-index-mobile:undefined;\"><div class=\"uagb-ifb-content\"><div class=\"uagb-ifb-separator\"><\/div><div class=\"uagb-ifb-title-wrap\"><\/div><p class=\"uagb-ifb-desc\">Prot\u00e9ger mon cloud (AWS, Microsoft, GCP, Kubernates)<\/p><\/div><\/div>\n\n\n\n<div class=\"wp-block-uagb-container uagb-block-a4736743\">\n<div class=\"wp-block-uagb-info-box uagb-block-39f0e36a uagb-infobox__content-wrap  uagb-infobox-icon-above-title uagb-infobox-image-valign-top\"><div class=\"uagb-ifb-content\"><div class=\"uagb-ifb-separator\"><\/div><div class=\"uagb-ifb-title-wrap\"><\/div><p class=\"uagb-ifb-desc\">Devenez conforme<\/p><\/div><\/div>\n<\/div>\n\n\n\n<div class=\"wp-block-uagb-container uagb-block-528d3f78\">\n<div class=\"wp-block-uagb-info-box uagb-block-35318bb7 uagb-infobox__content-wrap  uagb-infobox-icon-above-title uagb-infobox-image-valign-middle\"><div class=\"uagb-ifb-content\"><div class=\"uagb-ifb-separator\"><\/div><div class=\"uagb-ifb-title-wrap\"><\/div><p class=\"uagb-ifb-desc\">Prot\u00e9gez-vous contre les ransomwares<\/p><\/div><\/div>\n<\/div>\n\n\n\n<div class=\"wp-block-uagb-container uagb-block-4de6a707\">\n<div class=\"wp-block-uagb-info-box uagb-block-b5d96a6d uagb-infobox__content-wrap  uagb-infobox-icon-above-title uagb-infobox-image-valign-top\"><div class=\"uagb-ifb-content\"><div class=\"uagb-ifb-separator\"><\/div><div class=\"uagb-ifb-title-wrap\"><\/div><p class=\"uagb-ifb-desc\">S\u00e9curiser mon infrastructure r\u00e9seau<\/p><\/div><\/div>\n<\/div>\n<\/div><\/div>\n\n\n\n<div class=\"wp-block-uagb-container uagb-block-b3f96eba alignfull uagb-is-root-container\"><div class=\"uagb-container-inner-blocks-wrap\">\n<div class=\"wp-block-uagb-container uagb-block-22fb5ad2\">\n<div class=\"wp-block-uagb-info-box uagb-block-6de833b3 uagb-infobox__content-wrap  uagb-infobox-icon-above-title uagb-infobox-image-valign-top\"><div class=\"uagb-ifb-content\"><div class=\"uagb-ifb-separator\"><\/div><div class=\"uagb-ifb-title-wrap\"><\/div><p class=\"uagb-ifb-desc\">S\u00e9curiser ma candidature<\/p><\/div><\/div>\n<\/div>\n\n\n\n<div class=\"wp-block-uagb-container uagb-block-498b4e6a\">\n<div class=\"wp-block-uagb-info-box uagb-block-3a3aa909 uagb-infobox__content-wrap  uagb-infobox-icon-above-title uagb-infobox-image-valign-top\"><div class=\"uagb-ifb-content\"><div class=\"uagb-ifb-separator\"><\/div><div class=\"uagb-ifb-title-wrap\"><\/div><p class=\"uagb-ifb-desc\">S\u00e9curiser mon infrastructure cloud<\/p><\/div><\/div>\n<\/div>\n\n\n\n<div class=\"wp-block-uagb-container uagb-block-38d5fc6a\">\n<div class=\"wp-block-uagb-info-box uagb-block-3d5ccb93 uagb-infobox__content-wrap  uagb-infobox-icon-above-title uagb-infobox-image-valign-top\"><div class=\"uagb-ifb-content\"><div class=\"uagb-ifb-separator\"><\/div><div class=\"uagb-ifb-title-wrap\"><\/div><p class=\"uagb-ifb-desc\">Acheter les outils de s\u00e9curit\u00e9 dont j&#039;ai besoin<\/p><\/div><\/div>\n<\/div>\n\n\n\n<div class=\"wp-block-uagb-container uagb-block-f3af0f49\">\n<div class=\"wp-block-uagb-info-box uagb-block-b5ea60cb uagb-infobox__content-wrap  uagb-infobox-icon-above-title uagb-infobox-image-valign-top\"><div class=\"uagb-ifb-content\"><div class=\"uagb-ifb-separator\"><\/div><div class=\"uagb-ifb-title-wrap\"><\/div><p class=\"uagb-ifb-desc\">Pr\u00e9venir les attaques de ransomwares<\/p><\/div><\/div>\n<\/div>\n<\/div><\/div>\n<\/div>\n<\/div>\n<\/div><\/div>","protected":false},"excerpt":{"rendered":"<p>Nos services Tests de stylet internes, externes, de contournement physique, de red teaming, sans fil et d&#039;applications Web Je veux\u2026 Relever les d\u00e9fis sur votre chemin vers une protection d&#039;entreprise 24h\/24 et 7j\/7, d\u00e9sormais r\u00e9solus.<\/p>","protected":false},"author":3,"featured_media":0,"parent":0,"menu_order":0,"comment_status":"closed","ping_status":"closed","template":"","meta":{"_uag_custom_page_level_css":"","site-sidebar-layout":"default","site-content-layout":"","ast-site-content-layout":"full-width-container","site-content-style":"default","site-sidebar-style":"default","ast-global-header-display":"","ast-banner-title-visibility":"","ast-main-header-display":"","ast-hfb-above-header-display":"","ast-hfb-below-header-display":"","ast-hfb-mobile-header-display":"","site-post-title":"disabled","ast-breadcrumbs-content":"","ast-featured-img":"","footer-sml-layout":"","theme-transparent-header-meta":"enabled","adv-header-id-meta":"","stick-header-meta":"","header-above-stick-meta":"","header-main-stick-meta":"","header-below-stick-meta":"","astra-migrate-meta-layouts":"set","ast-page-background-enabled":"default","ast-page-background-meta":{"desktop":{"background-color":"var(--ast-global-color-4)","background-image":"","background-repeat":"repeat","background-position":"center center","background-size":"auto","background-attachment":"scroll","background-type":"","background-media":"","overlay-type":"","overlay-color":"","overlay-opacity":"","overlay-gradient":""},"tablet":{"background-color":"","background-image":"","background-repeat":"repeat","background-position":"center center","background-size":"auto","background-attachment":"scroll","background-type":"","background-media":"","overlay-type":"","overlay-color":"","overlay-opacity":"","overlay-gradient":""},"mobile":{"background-color":"","background-image":"","background-repeat":"repeat","background-position":"center center","background-size":"auto","background-attachment":"scroll","background-type":"","background-media":"","overlay-type":"","overlay-color":"","overlay-opacity":"","overlay-gradient":""}},"ast-content-background-meta":{"desktop":{"background-color":"var(--ast-global-color-5)","background-image":"","background-repeat":"repeat","background-position":"center center","background-size":"auto","background-attachment":"scroll","background-type":"","background-media":"","overlay-type":"","overlay-color":"","overlay-opacity":"","overlay-gradient":""},"tablet":{"background-color":"var(--ast-global-color-5)","background-image":"","background-repeat":"repeat","background-position":"center center","background-size":"auto","background-attachment":"scroll","background-type":"","background-media":"","overlay-type":"","overlay-color":"","overlay-opacity":"","overlay-gradient":""},"mobile":{"background-color":"var(--ast-global-color-5)","background-image":"","background-repeat":"repeat","background-position":"center center","background-size":"auto","background-attachment":"scroll","background-type":"","background-media":"","overlay-type":"","overlay-color":"","overlay-opacity":"","overlay-gradient":""}},"footnotes":""},"class_list":["post-3113","page","type-page","status-publish","hentry"],"uagb_featured_image_src":{"full":false,"thumbnail":false,"medium":false,"medium_large":false,"large":false,"1536x1536":false,"2048x2048":false,"trp-custom-language-flag":false},"uagb_author_info":{"display_name":"Issam El Bayed","author_link":"https:\/\/ekblocks.com\/fr\/author\/issam\/"},"uagb_comment_info":0,"uagb_excerpt":"Our Services Internal, External, Physical Bypass, Red Teaming, Wireless, and Web&nbsp;App&nbsp;Pen&nbsp;Testing I Want to &#8230; Overcome the challenges on your way to 24\/7 business protection, now solved.","_links":{"self":[{"href":"https:\/\/ekblocks.com\/fr\/wp-json\/wp\/v2\/pages\/3113","targetHints":{"allow":["GET"]}}],"collection":[{"href":"https:\/\/ekblocks.com\/fr\/wp-json\/wp\/v2\/pages"}],"about":[{"href":"https:\/\/ekblocks.com\/fr\/wp-json\/wp\/v2\/types\/page"}],"author":[{"embeddable":true,"href":"https:\/\/ekblocks.com\/fr\/wp-json\/wp\/v2\/users\/3"}],"replies":[{"embeddable":true,"href":"https:\/\/ekblocks.com\/fr\/wp-json\/wp\/v2\/comments?post=3113"}],"version-history":[{"count":32,"href":"https:\/\/ekblocks.com\/fr\/wp-json\/wp\/v2\/pages\/3113\/revisions"}],"predecessor-version":[{"id":3961,"href":"https:\/\/ekblocks.com\/fr\/wp-json\/wp\/v2\/pages\/3113\/revisions\/3961"}],"wp:attachment":[{"href":"https:\/\/ekblocks.com\/fr\/wp-json\/wp\/v2\/media?parent=3113"}],"curies":[{"name":"wp","href":"https:\/\/api.w.org\/{rel}","templated":true}]}}