{"id":2733,"date":"2023-12-29T14:15:37","date_gmt":"2023-12-29T14:15:37","guid":{"rendered":"https:\/\/ekblocks.com\/?page_id=2733"},"modified":"2024-02-06T16:31:38","modified_gmt":"2024-02-06T16:31:38","slug":"portfolio","status":"publish","type":"page","link":"https:\/\/ekblocks.com\/fr\/portfolio\/","title":{"rendered":""},"content":{"rendered":"<div class=\"wp-block-uagb-container uagb-block-d1eb7ce0 alignfull uagb-is-root-container\"><div class=\"uagb-container-inner-blocks-wrap\">\n<div class=\"wp-block-uagb-info-box uagb-block-39af8579 uagb-infobox__content-wrap  uagb-infobox-icon-above-title uagb-infobox-image-valign-top\"><div class=\"uagb-ifb-content\"><div class=\"uagb-ifb-title-wrap\"><span class=\"uagb-ifb-title-prefix\">Contactez-nous\u200b<\/span><h4 class=\"uagb-ifb-title\">Contactez-nous pour des services professionnels premium\u200b<\/h4><\/div><p class=\"uagb-ifb-desc\">B\u00e9n\u00e9ficiez de services professionnels de premier plan adapt\u00e9s \u00e0 vos besoins. Contactez-nous d\u00e8s aujourd&#039;hui pour rehausser votre pr\u00e9sence num\u00e9rique.<\/p><\/div><\/div>\n<\/div><\/div>\n\n\n\n<div class=\"wp-block-columns has-small-font-size is-layout-flex wp-container-core-columns-is-layout-07b7b7eb wp-block-columns-is-layout-flex\" style=\"padding-top:0;padding-right:0;padding-bottom:0;padding-left:0\">\n<div class=\"wp-block-column is-layout-flow wp-block-column-is-layout-flow\" style=\"flex-basis:100%\">\n<h2 class=\"wp-block-heading\" style=\"font-size:60px;font-style:normal;font-weight:400\">Axel Excellence Avocat<\/h2>\n<\/div>\n<\/div>\n\n\n\n<div class=\"wp-block-group alignfull is-layout-constrained wp-container-core-group-is-layout-a999d2cd wp-block-group-is-layout-constrained\" style=\"padding-top:0vw;padding-right:8vw;padding-bottom:6vw;padding-left:8vw\">\n<div class=\"container-ball\">\n \n<\/div>\n\n\n\n<div class=\"wp-block-group is-vertical is-nowrap is-layout-flex wp-container-core-group-is-layout-36fd9ea3 wp-block-group-is-layout-flex\" style=\"padding-right:0;padding-left:0\">\n<h6 class=\"wp-block-heading has-text-color\" id=\"ecosystem\" style=\"color:#000000;font-size:16px\">\u00c9COSYST\u00c8ME<\/h6>\n\n\n\n<p class=\"has-text-color\" style=\"color:#000000;font-size:6vw;font-style:normal;font-weight:700;letter-spacing:0px;line-height:0.9;text-decoration:none;text-transform:none\">Croissance positive.<\/p>\n<\/div>\n\n\n\n<div style=\"height:1vw;width:0px\" aria-hidden=\"true\" class=\"wp-block-spacer\"><\/div>\n\n\n\n<div class=\"wp-block-group alignwide is-vertical is-nowrap is-layout-flex wp-container-core-group-is-layout-7946b6b8 wp-block-group-is-layout-flex\" style=\"padding-top:0;padding-right:0;padding-bottom:0;padding-left:0\">\n<div class=\"wp-block-columns alignwide is-layout-flex wp-container-core-columns-is-layout-21b20327 wp-block-columns-is-layout-flex\">\n<div class=\"wp-block-column is-layout-flow wp-block-column-is-layout-flow\" style=\"flex-basis:33.38%\">\n<p class=\"has-text-color\" style=\"color:#000000;font-size:17px\"><em>Nature<\/em>, au sens commun, d\u00e9signe des essences inchang\u00e9es par l&#039;homme ; l&#039;espace, l&#039;air, la rivi\u00e8re, la feuille.&nbsp;<em>Art<\/em>&nbsp;s&#039;applique au m\u00e9lange de sa volont\u00e9 avec les m\u00eames choses, comme dans une maison, un canal, une statue, un tableau. <\/p>\n\n\n\n<p class=\"has-text-color\" style=\"color:#000000;font-size:17px\">Mais ses op\u00e9rations prises ensemble sont si insignifiantes, un peu d&#039;\u00e9caillage, de cuisson, de rapi\u00e9\u00e7age et de lavage, que dans une impression aussi grande que celle du monde sur l&#039;esprit humain, elles ne modifient pas le r\u00e9sultat.<\/p>\n<\/div>\n\n\n\n<div class=\"wp-block-column is-layout-flow wp-block-column-is-layout-flow\" style=\"flex-basis:33%\">\n<div style=\"height:2vw\" aria-hidden=\"true\" class=\"wp-block-spacer\"><\/div>\n\n\n\n<figure class=\"wp-block-image size-large\"><img decoding=\"async\" src=\"https:\/\/s.w.org\/images\/core\/5.8\/outside-01.jpg\" alt=\"The sun setting through a dense forest.\"\/><\/figure>\n<\/div>\n\n\n\n<div class=\"wp-block-column is-layout-flow wp-block-column-is-layout-flow\" style=\"flex-basis:33.62%\">\n<figure class=\"wp-block-image size-large\"><img decoding=\"async\" src=\"https:\/\/s.w.org\/images\/core\/5.8\/outside-02.jpg\" alt=\"Wind turbines standing on a grassy plain, against a blue sky.\"\/><\/figure>\n<\/div>\n<\/div>\n\n\n\n<div class=\"wp-block-columns alignwide is-layout-flex wp-container-core-columns-is-layout-c24efe4f wp-block-columns-is-layout-flex\">\n<div class=\"wp-block-column is-layout-flow wp-block-column-is-layout-flow\" style=\"flex-basis:69%\">\n<figure class=\"wp-block-image size-large\"><img decoding=\"async\" src=\"https:\/\/s.w.org\/images\/core\/5.8\/outside-03.jpg\" alt=\"The sun shining over a ridge leading down into the shore. In the distance, a car drives down a road.\"\/><\/figure>\n<\/div>\n\n\n\n<div class=\"wp-block-column is-vertically-aligned-center is-layout-flow wp-block-column-is-layout-flow\" style=\"flex-basis:33%\">\n<div style=\"height:2vw\" aria-hidden=\"true\" class=\"wp-block-spacer\"><\/div>\n\n\n\n<p class=\"has-text-color\" style=\"color:#000000;font-size:17px\">Nous n\u2019avons sans doute pas de questions sans r\u00e9ponse \u00e0 poser. Nous devons faire confiance \u00e0 la perfection de la cr\u00e9ation jusqu&#039;\u00e0 croire que, quelle que soit la curiosit\u00e9 que l&#039;ordre des choses a \u00e9veill\u00e9e dans nos esprits, l&#039;ordre des choses peut la satisfaire. La condition de chaque homme est une solution hi\u00e9roglyphique aux questions qu\u2019il souhaite poser.<\/p>\n<\/div>\n<\/div>\n<\/div>\n<\/div>\n\n\n\n<div class=\"wp-block-columns is-layout-flex wp-container-core-columns-is-layout-07b7b7eb wp-block-columns-is-layout-flex\" style=\"padding-top:0;padding-right:0;padding-bottom:0;padding-left:0\">\n<div class=\"wp-block-column is-layout-flow wp-block-column-is-layout-flow\"><div class=\"onovo-showcase\">\r\n    <div class=\"img-circle onovo-circle-move\"><\/div>\r\n    <div class=\"onovo-showcase-items\">\r\n        <div class=\"onovo-showcase-item hover\">\r\n            <div class=\"category\">\r\n                <a href=\"\">\r\n                    <span data-splitting=\"\" data-onovo-scroll=\"\" class=\"words lines splitting\" data-scroll=\"in\" style=\"--word-total: 1; --line-total: 1;\">\r\n                        <span><span><span class=\"word\" data-word=\"INTERACTIVE\" style=\"--word-index: 0; --line-index: 0;\">INTERACTIF<\/span><\/span><\/span>\r\n                    <\/span>\r\n                <\/a>\r\n            <\/div>\r\n            <h3 class=\"title\">\r\n                <a href=\"\">\r\n                    <span class=\"onovo-lnk words lines splitting\" data-splitting=\"\" data-onovo-scroll=\"\" data-scroll=\"in\" style=\"--word-total: 2; --line-total: 1;\">\r\n                        <span><span class=\"word\" data-word=\"Client\" style=\"--word-index: 0; --line-index: 0;\">Client<\/span><\/span>\r\n                        <span class=\"whitespace\"> <\/span>\r\n                        <span><span class=\"word\" data-word=\"Portal\" style=\"--word-index: 1; --line-index: 0;\">Portail<\/span><\/span>\r\n                    <\/span>\r\n                <\/a>\r\n            <\/h3>\r\n            <div class=\"image\" data-onovo-overlay=\"\" data-onovo-scroll=\"\" data-scroll=\"in\">\r\n                <span class=\"img lazyloaded\" data-bg=\"https:\/\/ekblocks.com\/wp-content\/uploads\/2024\/02\/6-1-scaled.webp\" style=\"background-image: url(&quot;https:\/\/ekblocks.com\/wp-content\/uploads\/2024\/02\/6-1-scaled.webp&quot;);\"><\/span>\r\n                <div class=\"onovo-overlay\"><\/div>\r\n            <\/div>\r\n        <\/div>\r\n        <div class=\"onovo-showcase-item\">\r\n            <div class=\"category\">\r\n                <a href=\"\">\r\n                    <span data-splitting=\"\" data-onovo-scroll=\"\" class=\"words lines splitting\" data-scroll=\"in\" style=\"--word-total: 1; --line-total: 1;\">\r\n                        <span><span><span class=\"word\" data-word=\"LEGAL\" style=\"--word-index: 0; --line-index: 0;\">L\u00c9GAL<\/span><\/span><\/span>\r\n                    <\/span>\r\n                <\/a>\r\n            <\/div>\r\n            <h3 class=\"title\">\r\n                <a href=\"\">\r\n                    <span class=\"onovo-lnk words lines splitting\" data-splitting=\"\" data-onovo-scroll=\"\" data-scroll=\"in\" style=\"--word-total: 2; --line-total: 1;\">\r\n                        <span><span class=\"word\" data-word=\"Analysis\" style=\"--word-index: 0; --line-index: 0;\">Analyse<\/span><\/span>\r\n                        <span class=\"whitespace\"> <\/span>\r\n                        <span><span class=\"word\" data-word=\"Contract\" style=\"--word-index: 1; --line-index: 0;\">Contracter<\/span><\/span>\r\n                    <\/span>\r\n                <\/a>\r\n            <\/h3>\r\n            <div class=\"image\" data-onovo-overlay=\"\" data-onovo-scroll=\"\" data-scroll=\"in\">\r\n                <span class=\"img lazyloaded\" data-bg=\"https:\/\/ekblocks.com\/wp-content\/uploads\/2024\/02\/7-1-scaled.webp\" style=\"background-image: url(&quot;https:\/\/ekblocks.com\/wp-content\/uploads\/2024\/02\/7-1-scaled.webp&quot;);\"><\/span>\r\n                <div class=\"onovo-overlay\"><\/div>\r\n            <\/div>\r\n        <\/div>\r\n        <div class=\"onovo-showcase-item\">\r\n            <div class=\"category\">\r\n                <a href=\"\">\r\n                    <span data-splitting=\"\" data-onovo-scroll=\"\" class=\"words lines splitting\" data-scroll=\"in\" style=\"--word-total: 1; --line-total: 1;\">\r\n                        <span><span><span class=\"word\" data-word=\"DOCUMENT\" style=\"--word-index: 0; --line-index: 0;\">DOCUMENT<\/span><\/span><\/span>\r\n                    <\/span>\r\n                <\/a>\r\n            <\/div>\r\n            <h3 class=\"title\">\r\n                <a href=\"\">\r\n                    <span class=\"onovo-lnk words lines splitting\" data-splitting=\"\" data-onovo-scroll=\"\" data-scroll=\"in\" style=\"--word-total: 2; --line-total: 1;\">\r\n                        <span><span class=\"word\" data-word=\"Management\" style=\"--word-index: 0; --line-index: 0;\">Gestion<\/span><\/span>\r\n                        <span class=\"whitespace\"> <\/span>\r\n                        <span><span class=\"word\" data-word=\"Cloud-Based\" style=\"--word-index: 1; --line-index: 0;\">Bas\u00e9 sur le cloud<\/span><\/span>\r\n                    <\/span>\r\n                <\/a>\r\n            <\/h3>\r\n            <div class=\"image\" data-onovo-overlay=\"\" data-onovo-scroll=\"\" data-scroll=\"in\">\r\n                <span class=\"img lazyloaded\" data-bg=\"https:\/\/ekblocks.com\/wp-content\/uploads\/2024\/02\/8-1-jpg.webp\" style=\"background-image: url(&quot;https:\/\/ekblocks.com\/wp-content\/uploads\/2024\/02\/8-1-jpg.webp&quot;);\"><\/span>\r\n                <div class=\"onovo-overlay\"><\/div>\r\n            <\/div>\r\n        <\/div>\r\n        <div class=\"onovo-showcase-item\">\r\n            <div class=\"category\">\r\n                <a href=\"\">\r\n                    <span data-splitting=\"\" data-onovo-scroll=\"\" class=\"words lines splitting\" data-scroll=\"in\" style=\"--word-total: 1; --line-total: 1;\">\r\n                        <span><span><span class=\"word\" data-word=\"COMMUNICATION\" style=\"--word-index: 0; --line-index: 0;\">COMMUNICATION<\/span><\/span><\/span>\r\n                    <\/span>\r\n                <\/a>\r\n            <\/div>\r\n            <h3 class=\"title\">\r\n                <a href=\"\">\r\n                    <span class=\"onovo-lnk words lines splitting\" data-splitting=\"\" data-onovo-scroll=\"\" data-scroll=\"in\" style=\"--word-total: 2; --line-total: 1;\">\r\n                        <span><span class=\"word\" data-word=\"Secure\" style=\"--word-index: 0; --line-index: 0;\">S\u00e9curis\u00e9<\/span><\/span>\r\n                        <span class=\"whitespace\"> <\/span>\r\n                        <span><span class=\"word\" data-word=\"Messaging\" style=\"--word-index: 1; --line-index: 0;\">Messagerie<\/span><\/span>\r\n                    <\/span>\r\n                <\/a>\r\n            <\/h3>\r\n            <div class=\"image\" data-onovo-overlay=\"\" data-onovo-scroll=\"\" data-scroll=\"in\">\r\n                <span class=\"img lazyloaded\" data-bg=\"https:\/\/ekblocks.com\/wp-content\/uploads\/2024\/02\/5-jpg.webp\" style=\"background-image: url(&quot;https:\/\/ekblocks.com\/wp-content\/uploads\/2024\/02\/5-jpg.webp&quot;);\"><\/span>\r\n                <div class=\"onovo-overlay\"><\/div>\r\n            <\/div>\r\n        <\/div>\r\n        <div class=\"onovo-showcase-item\">\r\n            <div class=\"category\">\r\n                <a href=\"\">\r\n                    <span data-splitting=\"\" data-onovo-scroll=\"\" class=\"words lines splitting\" data-scroll=\"in\" style=\"--word-total: 1; --line-total: 1;\">\r\n                        <span><span><span class=\"word\" data-word=\"CLIENT\" style=\"--word-index: 0; --line-index: 0;\">CLIENT<\/span><\/span><\/span>\r\n                    <\/span>\r\n                <\/a>\r\n            <\/div>\r\n            <h3 class=\"title\">\r\n                <a href=\"\">\r\n                    <span class=\"onovo-lnk words lines splitting\" data-splitting=\"\" data-onovo-scroll=\"\" data-scroll=\"in\" style=\"--word-total: 2; --line-total: 1;\">\r\n                        <span><span class=\"word\" data-word=\"ENGAGEMENT\" style=\"--word-index: 0; --line-index: 0;\">FIAN\u00c7AILLES<\/span><\/span>\r\n                        <span class=\"whitespace\"> <\/span>\r\n                        <span><span class=\"word\" data-word=\"Online\" style=\"--word-index: 1; --line-index: 0;\">En ligne<\/span><\/span>\r\n                    <\/span>\r\n                <\/a>\r\n            <\/h3>\r\n            <div class=\"image\" data-onovo-overlay=\"\" data-onovo-scroll=\"\" data-scroll=\"in\">\r\n                <span class=\"img lazyloaded\" data-bg=\"https:\/\/ekblocks.com\/wp-content\/uploads\/2024\/01\/portrait-femme-travailleur-du-service-client-scaled.webp\" style=\"background-image: url(&quot;https:\/\/ekblocks.com\/wp-content\/uploads\/2024\/01\/portrait-femme-travailleur-du-service-client-scaled.webp&quot;);\"><\/span>\r\n                <div class=\"onovo-overlay\"><\/div>\r\n            <\/div>\r\n        <\/div>\r\n    <\/div>\r\n<\/div>\r\n\n<\/div>\n<\/div>","protected":false},"excerpt":{"rendered":"<p>Axel Exellence Avocat ECOSYSTEM Positive growth. Nature, in the common sense, refers to essences unchanged by man; space, the air, the river, the leaf.&nbsp;Art&nbsp;is applied to the mixture of his will with the same things, as in a house, a canal, a statue, a picture. But his operations taken together are so insignificant, a little [&hellip;]<\/p>\n","protected":false},"author":1,"featured_media":0,"parent":0,"menu_order":0,"comment_status":"closed","ping_status":"closed","template":"","meta":{"_uag_custom_page_level_css":"","site-sidebar-layout":"default","site-content-layout":"","ast-site-content-layout":"default","site-content-style":"default","site-sidebar-style":"default","ast-global-header-display":"","ast-banner-title-visibility":"","ast-main-header-display":"","ast-hfb-above-header-display":"","ast-hfb-below-header-display":"","ast-hfb-mobile-header-display":"","site-post-title":"","ast-breadcrumbs-content":"","ast-featured-img":"","footer-sml-layout":"","theme-transparent-header-meta":"","adv-header-id-meta":"","stick-header-meta":"","header-above-stick-meta":"","header-main-stick-meta":"","header-below-stick-meta":"","astra-migrate-meta-layouts":"set","ast-page-background-enabled":"default","ast-page-background-meta":{"desktop":{"background-color":"var(--ast-global-color-4)","background-image":"","background-repeat":"repeat","background-position":"center center","background-size":"auto","background-attachment":"scroll","background-type":"","background-media":"","overlay-type":"","overlay-color":"","overlay-opacity":"","overlay-gradient":""},"tablet":{"background-color":"","background-image":"","background-repeat":"repeat","background-position":"center center","background-size":"auto","background-attachment":"scroll","background-type":"","background-media":"","overlay-type":"","overlay-color":"","overlay-opacity":"","overlay-gradient":""},"mobile":{"background-color":"","background-image":"","background-repeat":"repeat","background-position":"center center","background-size":"auto","background-attachment":"scroll","background-type":"","background-media":"","overlay-type":"","overlay-color":"","overlay-opacity":"","overlay-gradient":""}},"ast-content-background-meta":{"desktop":{"background-color":"var(--ast-global-color-5)","background-image":"","background-repeat":"repeat","background-position":"center center","background-size":"auto","background-attachment":"scroll","background-type":"","background-media":"","overlay-type":"","overlay-color":"","overlay-opacity":"","overlay-gradient":""},"tablet":{"background-color":"var(--ast-global-color-5)","background-image":"","background-repeat":"repeat","background-position":"center center","background-size":"auto","background-attachment":"scroll","background-type":"","background-media":"","overlay-type":"","overlay-color":"","overlay-opacity":"","overlay-gradient":""},"mobile":{"background-color":"var(--ast-global-color-5)","background-image":"","background-repeat":"repeat","background-position":"center center","background-size":"auto","background-attachment":"scroll","background-type":"","background-media":"","overlay-type":"","overlay-color":"","overlay-opacity":"","overlay-gradient":""}},"footnotes":""},"class_list":["post-2733","page","type-page","status-publish","hentry"],"uagb_featured_image_src":{"full":false,"thumbnail":false,"medium":false,"medium_large":false,"large":false,"1536x1536":false,"2048x2048":false,"trp-custom-language-flag":false},"uagb_author_info":{"display_name":"Mouad Kommir","author_link":"https:\/\/ekblocks.com\/fr\/author\/ekadmin\/"},"uagb_comment_info":0,"uagb_excerpt":"Axel Exellence Avocat ECOSYSTEM Positive growth. Nature, in the common sense, refers to essences unchanged by man; space, the air, the river, the leaf.&nbsp;Art&nbsp;is applied to the mixture of his will with the same things, as in a house, a canal, a statue, a picture. But his operations taken together are so insignificant, a little\u2026","_links":{"self":[{"href":"https:\/\/ekblocks.com\/fr\/wp-json\/wp\/v2\/pages\/2733","targetHints":{"allow":["GET"]}}],"collection":[{"href":"https:\/\/ekblocks.com\/fr\/wp-json\/wp\/v2\/pages"}],"about":[{"href":"https:\/\/ekblocks.com\/fr\/wp-json\/wp\/v2\/types\/page"}],"author":[{"embeddable":true,"href":"https:\/\/ekblocks.com\/fr\/wp-json\/wp\/v2\/users\/1"}],"replies":[{"embeddable":true,"href":"https:\/\/ekblocks.com\/fr\/wp-json\/wp\/v2\/comments?post=2733"}],"version-history":[{"count":34,"href":"https:\/\/ekblocks.com\/fr\/wp-json\/wp\/v2\/pages\/2733\/revisions"}],"predecessor-version":[{"id":3740,"href":"https:\/\/ekblocks.com\/fr\/wp-json\/wp\/v2\/pages\/2733\/revisions\/3740"}],"wp:attachment":[{"href":"https:\/\/ekblocks.com\/fr\/wp-json\/wp\/v2\/media?parent=2733"}],"curies":[{"name":"wp","href":"https:\/\/api.w.org\/{rel}","templated":true}]}}