{"id":2469,"date":"2023-12-27T10:07:51","date_gmt":"2023-12-27T10:07:51","guid":{"rendered":"https:\/\/ekblocks.com\/?page_id=2469"},"modified":"2024-01-25T14:45:52","modified_gmt":"2024-01-25T14:45:52","slug":"management-systems","status":"publish","type":"page","link":"https:\/\/ekblocks.com\/fr\/management-systems\/","title":{"rendered":"Les syst\u00e8mes de gestion"},"content":{"rendered":"<div class=\"wp-block-uagb-container uagb-block-7b3999d8 alignfull uagb-is-root-container\"><div class=\"uagb-container-inner-blocks-wrap\">\n<div class=\"wp-block-group is-layout-constrained wp-block-group-is-layout-constrained\">\n<div class=\"wp-block-uagb-info-box uagb-block-38b626f9 uagb-infobox__content-wrap  uagb-infobox-icon-above-title uagb-infobox-image-valign-top\"><div class=\"uagb-ifb-content\"><div class=\"uagb-ifb-title-wrap\"><span class=\"uagb-ifb-title-prefix\">Les syst\u00e8mes de gestion <\/span><\/div><p class=\"uagb-ifb-desc\">dynamisez votre entreprise gr\u00e2ce \u00e0 nos syst\u00e8mes de gestion rationalis\u00e9s et efficaces. d&#039;une organisation transparente \u00e0 une productivit\u00e9 am\u00e9lior\u00e9e, nous couvrons votre entreprise<\/p><div class=\"uagb-ifb-button-wrapper wp-block-button\"><a href=\"\/fr\/contact\/\" class=\"uagb-infobox-cta-link wp-block-button__link\" target=\"_self\" rel=\"noopener noreferrer\" onclick=\"return true;\" alt=\"\"><span class=\"uagb-inline-editing\">\u00e9crivez-nous<\/span><svg xmlns=\"https:\/\/www.w3.org\/2000\/svg\" viewbox=\"0 0 512 512\"><path d=\"M504.3 273.6l-112.1 104c-6.992 6.484-17.18 8.218-25.94 4.406c-8.758-3.812-14.42-12.45-14.42-21.1L351.9 288H32C14.33 288 .0002 273.7 .0002 255.1S14.33 224 32 224h319.9l0-72c0-9.547 5.66-18.19 14.42-22c8.754-3.809 18.95-2.075 25.94 4.41l112.1 104C514.6 247.9 514.6 264.1 504.3 273.6z\"><\/path><\/svg><\/a><\/div><\/div><\/div>\n<\/div>\n<\/div><\/div>\n\n\n\n<div class=\"wp-block-uagb-container uagb-block-c4a31247 alignfull uagb-is-root-container\"><div class=\"uagb-container-inner-blocks-wrap\">\n<div class=\"wp-block-uagb-container uagb-block-4e055757 alignfull uagb-is-root-container\"><div class=\"uagb-container-inner-blocks-wrap\">\n<div class=\"wp-block-uagb-advanced-heading uagb-block-3f15a6cb\"><h2 class=\"uagb-heading-text\">Projets en vedette<\/h2><p class=\"uagb-desc-text\">D\u00e9couvrez nos projets vari\u00e9s et inspirants. Chaque projet refl\u00e8te notre cr\u00e9ativit\u00e9 et notre expertise, offrant des solutions uniques \u00e0 nos clients. Explorez notre portfolio pour voir comment nous donnons vie aux id\u00e9es.<\/p><\/div>\n<\/div><\/div>\n<\/div><\/div>\n\n\n\n<div class=\"wp-block-uagb-container uagb-block-72c0e762 alignfull uagb-is-root-container\"><div class=\"uagb-container-inner-blocks-wrap\">\n<div class=\"wp-block-columns is-layout-flex wp-container-core-columns-is-layout-28f84493 wp-block-columns-is-layout-flex\">\n<div class=\"wp-block-column is-layout-flow wp-block-column-is-layout-flow\">\n<div class=\"wp-block-uagb-advanced-heading uagb-block-0207b779\"><h3 class=\"uagb-heading-text\">Ekstock<\/h3><p class=\"uagb-desc-text\">Ekstock se distingue comme un syst\u00e8me de gestion d&#039;entrep\u00f4t tr\u00e8s efficace, red\u00e9finissant le contr\u00f4le des stocks gr\u00e2ce \u00e0 son interface exceptionnellement conviviale. Il fournit des mises \u00e0 jour en temps r\u00e9el et des analyses avanc\u00e9es, s&#039;int\u00e9grant de mani\u00e8re transparente sur diverses plates-formes. Les entreprises qui utilisent Ekstock peuvent optimiser la gestion des stocks, favorisant ainsi une productivit\u00e9 accrue. B\u00e9n\u00e9ficiez des avantages suivants avec Ekstock\u00a0:<\/p><\/div>\n\n\n\n<div class=\"wp-block-uagb-container uagb-block-d0ee5fab\">\n<div class=\"wp-block-uagb-container uagb-block-5e5e91ca\">\n<div class=\"wp-block-uagb-info-box uagb-block-e1b233cc uagb-infobox__content-wrap  uagb-infobox-icon-above-title uagb-infobox-image-valign-top\"><div class=\"uagb-ifb-content\"><div class=\"uagb-ifb-title-wrap\"><span class=\"uagb-ifb-title-prefix\">01.<\/span><h4 class=\"uagb-ifb-title\">Simple et facile \u00e0 utiliser<\/h4><\/div><p class=\"uagb-ifb-desc\">Simplicit\u00e9 \u00e9lev\u00e9e\u00a0: Ekstock propose un syst\u00e8me intuitif et convivial pour une exp\u00e9rience transparente.<\/p><\/div><\/div>\n<\/div>\n\n\n\n<div class=\"wp-block-uagb-container uagb-block-9859694f\">\n<div class=\"wp-block-uagb-info-box uagb-block-c3ba7e5d uagb-infobox__content-wrap  uagb-infobox-icon-above-title uagb-infobox-image-valign-top\"><div class=\"uagb-ifb-content\"><div class=\"uagb-ifb-title-wrap\"><span class=\"uagb-ifb-title-prefix\">02.<\/span><h4 class=\"uagb-ifb-title\">Aucune installation requise<\/h4><\/div><p class=\"uagb-ifb-desc\">Acc\u00e8s instantan\u00e9\u00a0: Ekstock fonctionne sans n\u00e9cessiter d&#039;installation, offrant un acc\u00e8s sans tracas \u00e0 port\u00e9e de main.<\/p><\/div><\/div>\n<\/div>\n\n\n\n<div class=\"wp-block-uagb-container uagb-block-4f80ba49\">\n<div class=\"wp-block-uagb-info-box uagb-block-07f2ef0f uagb-infobox__content-wrap  uagb-infobox-icon-above-title uagb-infobox-image-valign-top\"><div class=\"uagb-ifb-content\"><div class=\"uagb-ifb-title-wrap\"><span class=\"uagb-ifb-title-prefix\">03.<\/span><h4 class=\"uagb-ifb-title\">S\u00e9curit\u00e9 et sauvegarde des donn\u00e9es<\/h4><\/div><p class=\"uagb-ifb-desc\">S\u00fbr et s\u00e9curis\u00e9\u00a0: Ekstock donne la priorit\u00e9 \u00e0 la s\u00e9curit\u00e9 de vos donn\u00e9es avec des mesures robustes et des options de sauvegarde transparentes.<\/p><\/div><\/div>\n<\/div>\n<\/div>\n<\/div>\n\n\n\n<div class=\"wp-block-column is-layout-flow wp-block-column-is-layout-flow\" style=\"flex-basis:33.33%\">\n<figure class=\"wp-block-image size-full is-resized\"><img data-dominant-color=\"e3f0ea\" data-has-transparency=\"false\" loading=\"lazy\" decoding=\"async\" width=\"1080\" height=\"1357\" src=\"https:\/\/ekblocks.com\/wp-content\/uploads\/2024\/01\/WhatsApp-Image-2024-01-24-at-15.30.50-jpeg.webp\" alt=\"\" class=\"not-transparent wp-image-3547\" style=\"--dominant-color: #e3f0ea; object-fit:cover;width:500px;height:500px\" srcset=\"https:\/\/ekblocks.com\/wp-content\/uploads\/2024\/01\/WhatsApp-Image-2024-01-24-at-15.30.50-jpeg.webp 1080w, https:\/\/ekblocks.com\/wp-content\/uploads\/2024\/01\/WhatsApp-Image-2024-01-24-at-15.30.50-239x300.webp 239w, https:\/\/ekblocks.com\/wp-content\/uploads\/2024\/01\/WhatsApp-Image-2024-01-24-at-15.30.50-815x1024.webp 815w, https:\/\/ekblocks.com\/wp-content\/uploads\/2024\/01\/WhatsApp-Image-2024-01-24-at-15.30.50-768x965.webp 768w\" sizes=\"auto, (max-width: 1080px) 100vw, 1080px\" \/><\/figure>\n<\/div>\n<\/div>\n<\/div><\/div>\n\n\n\n<div class=\"wp-block-uagb-container uagb-block-6731e0a6 alignfull uagb-is-root-container\"><div class=\"uagb-container-inner-blocks-wrap\">\n<div class=\"wp-block-columns is-layout-flex wp-container-core-columns-is-layout-28f84493 wp-block-columns-is-layout-flex\">\n<div class=\"wp-block-column is-layout-flow wp-block-column-is-layout-flow\" style=\"flex-basis:33.33%\">\n<figure class=\"wp-block-image size-large is-resized\"><img data-dominant-color=\"cac5b9\" data-has-transparency=\"false\" loading=\"lazy\" decoding=\"async\" width=\"815\" height=\"1024\" src=\"https:\/\/ekblocks.com\/wp-content\/uploads\/2024\/01\/WhatsApp-Image-2024-01-24-at-15.32.34-815x1024.webp\" alt=\"\" class=\"not-transparent wp-image-3549\" style=\"--dominant-color: #cac5b9; object-fit:cover;width:500px;height:500px\" srcset=\"https:\/\/ekblocks.com\/wp-content\/uploads\/2024\/01\/WhatsApp-Image-2024-01-24-at-15.32.34-815x1024.webp 815w, https:\/\/ekblocks.com\/wp-content\/uploads\/2024\/01\/WhatsApp-Image-2024-01-24-at-15.32.34-239x300.webp 239w, https:\/\/ekblocks.com\/wp-content\/uploads\/2024\/01\/WhatsApp-Image-2024-01-24-at-15.32.34-768x965.webp 768w, https:\/\/ekblocks.com\/wp-content\/uploads\/2024\/01\/WhatsApp-Image-2024-01-24-at-15.32.34-jpeg.webp 1080w\" sizes=\"auto, (max-width: 815px) 100vw, 815px\" \/><\/figure>\n<\/div>\n\n\n\n<div class=\"wp-block-column is-layout-flow wp-block-column-is-layout-flow\">\n<div class=\"wp-block-uagb-advanced-heading uagb-block-3639a5d5\"><h3 class=\"uagb-heading-text\">Axel<\/h3><p class=\"uagb-desc-text\">Le syst\u00e8me de gestion pour cabinets d&#039;avocats d&#039;AXEL se distingue par son efficacit\u00e9, red\u00e9finissant la gestion de dossiers avec son interface exceptionnellement conviviale. Il fournit des mises \u00e0 jour en temps r\u00e9el et des analyses avanc\u00e9es, s&#039;int\u00e9grant de mani\u00e8re transparente sur diverses plates-formes. Les cabinets d\u2019avocats qui exploitent AXEL peuvent optimiser la gestion des dossiers, favorisant ainsi une efficacit\u00e9 accrue. D\u00e9couvrez les avantages suivants avec AXEL\u00a0:<\/p><\/div>\n\n\n\n<div class=\"wp-block-uagb-container uagb-block-5d634784\">\n<div class=\"wp-block-uagb-container uagb-block-fb9698b4\">\n<div class=\"wp-block-uagb-info-box uagb-block-4d41f6f0 uagb-infobox__content-wrap  uagb-infobox-icon-above-title uagb-infobox-image-valign-top\"><div class=\"uagb-ifb-content\"><div class=\"uagb-ifb-title-wrap\"><span class=\"uagb-ifb-title-prefix\">01.<\/span><h4 class=\"uagb-ifb-title\"><strong>Interface conviviale\u00a0:<\/strong><\/h4><\/div><p class=\"uagb-ifb-desc\">AXEL\u00a0:\u00a0interface conviviale pour une gestion de cas sans effort. Boostez la collaboration et la productivit\u00e9 avec simplicit\u00e9 et efficacit\u00e9.<\/p><\/div><\/div>\n<\/div>\n\n\n\n<div class=\"wp-block-uagb-container uagb-block-209bf38b\">\n<div class=\"wp-block-uagb-info-box uagb-block-d80a6ac5 uagb-infobox__content-wrap  uagb-infobox-icon-above-title uagb-infobox-image-valign-top\"><div class=\"uagb-ifb-content\"><div class=\"uagb-ifb-title-wrap\"><span class=\"uagb-ifb-title-prefix\">02.<\/span><h4 class=\"uagb-ifb-title\"><strong>L&#039;efficacit\u00e9 red\u00e9finie\u00a0:<\/strong><\/h4><\/div><p class=\"uagb-ifb-desc\">Optimisez votre flux de travail juridique gr\u00e2ce \u00e0 la gestion efficace des dossiers d&#039;AXEL. Des informations client au suivi des documents, b\u00e9n\u00e9ficiez d\u2019une efficacit\u00e9 transparente.<\/p><\/div><\/div>\n<\/div>\n\n\n\n<div class=\"wp-block-uagb-container uagb-block-05f3a78a\">\n<div class=\"wp-block-uagb-info-box uagb-block-ec8dfb19 uagb-infobox__content-wrap  uagb-infobox-icon-above-title uagb-infobox-image-valign-top\"><div class=\"uagb-ifb-content\"><div class=\"uagb-ifb-title-wrap\"><span class=\"uagb-ifb-title-prefix\">03.<\/span><h4 class=\"uagb-ifb-title\"><strong>Informations en temps r\u00e9el\u00a0:<\/strong><\/h4><\/div><p class=\"uagb-ifb-desc\">Gardez une longueur d&#039;avance gr\u00e2ce aux mises \u00e0 jour en temps r\u00e9el et aux analyses avanc\u00e9es d&#039;AXEL, permettant une prise de d\u00e9cision \u00e9clair\u00e9e et une planification strat\u00e9gique.<\/p><\/div><\/div>\n<\/div>\n<\/div>\n<\/div>\n<\/div>\n<\/div><\/div>\n\n\n\n<div class=\"wp-block-uagb-container uagb-block-4f7fda8f alignfull uagb-is-root-container\"><div class=\"uagb-container-inner-blocks-wrap\">\n<div class=\"wp-block-columns is-layout-flex wp-container-core-columns-is-layout-28f84493 wp-block-columns-is-layout-flex\">\n<div class=\"wp-block-column is-layout-flow wp-block-column-is-layout-flow\">\n<div class=\"wp-block-uagb-advanced-heading uagb-block-e44c15ef\"><h3 class=\"uagb-heading-text\">Librarian<\/h3><p class=\"uagb-desc-text\">EkLibrarian, notre syst\u00e8me innovant de gestion de biblioth\u00e8que, se distingue par sa grande efficacit\u00e9, remodelant le contr\u00f4le des stocks gr\u00e2ce \u00e0 son interface exceptionnellement conviviale. Il fournit des mises \u00e0 jour en temps r\u00e9el et des analyses avanc\u00e9es, s&#039;int\u00e9grant de mani\u00e8re transparente sur diverses plates-formes. Les biblioth\u00e8ques utilisant EkLib peuvent optimiser la gestion des livres, favorisant ainsi une efficacit\u00e9 accrue. D\u00e9couvrez les avantages suivants avec EkLibrarian\u00a0:<\/p><\/div>\n\n\n\n<div class=\"wp-block-uagb-container uagb-block-cbd5f4bc\">\n<div class=\"wp-block-uagb-container uagb-block-9b64bea6\">\n<div class=\"wp-block-uagb-info-box uagb-block-fd6384da uagb-infobox__content-wrap  uagb-infobox-icon-above-title uagb-infobox-image-valign-top\"><div class=\"uagb-ifb-content\"><div class=\"uagb-ifb-title-wrap\"><span class=\"uagb-ifb-title-prefix\">01.<\/span><h4 class=\"uagb-ifb-title\">Simple et facile \u00e0 utiliser<\/h4><\/div><p class=\"uagb-ifb-desc\">Simplicit\u00e9 \u00e9lev\u00e9e\u00a0: Ekstock propose un syst\u00e8me intuitif et convivial pour une exp\u00e9rience transparente.<\/p><\/div><\/div>\n<\/div>\n\n\n\n<div class=\"wp-block-uagb-container uagb-block-d3b338a2\">\n<div class=\"wp-block-uagb-info-box uagb-block-1c6b4c17 uagb-infobox__content-wrap  uagb-infobox-icon-above-title uagb-infobox-image-valign-top\"><div class=\"uagb-ifb-content\"><div class=\"uagb-ifb-title-wrap\"><span class=\"uagb-ifb-title-prefix\">02.<\/span><h4 class=\"uagb-ifb-title\">Aucune installation requise<\/h4><\/div><p class=\"uagb-ifb-desc\">Acc\u00e8s instantan\u00e9\u00a0: Ekstock fonctionne sans n\u00e9cessiter d&#039;installation, offrant un acc\u00e8s sans tracas \u00e0 port\u00e9e de main.<\/p><\/div><\/div>\n<\/div>\n\n\n\n<div class=\"wp-block-uagb-container uagb-block-7539d2d6\">\n<div class=\"wp-block-uagb-info-box uagb-block-df814242 uagb-infobox__content-wrap  uagb-infobox-icon-above-title uagb-infobox-image-valign-top\"><div class=\"uagb-ifb-content\"><div class=\"uagb-ifb-title-wrap\"><span class=\"uagb-ifb-title-prefix\">03.<\/span><h4 class=\"uagb-ifb-title\">S\u00e9curit\u00e9 et sauvegarde des donn\u00e9es<\/h4><\/div><p class=\"uagb-ifb-desc\">S\u00fbr et s\u00e9curis\u00e9\u00a0: Ekstock donne la priorit\u00e9 \u00e0 la s\u00e9curit\u00e9 de vos donn\u00e9es avec des mesures robustes et des options de sauvegarde transparentes.<\/p><\/div><\/div>\n<\/div>\n<\/div>\n<\/div>\n\n\n\n<div class=\"wp-block-column is-layout-flow wp-block-column-is-layout-flow\" style=\"flex-basis:33.33%\">\n<figure class=\"wp-block-image size-large is-resized\"><img data-dominant-color=\"978676\" data-has-transparency=\"false\" loading=\"lazy\" decoding=\"async\" width=\"815\" height=\"1024\" src=\"https:\/\/ekblocks.com\/wp-content\/uploads\/2024\/01\/WhatsApp-Image-2024-01-24-at-15.01.15-815x1024.webp\" alt=\"\" class=\"not-transparent wp-image-3530\" style=\"--dominant-color: #978676; object-fit:cover;width:378px;height:500px\" srcset=\"https:\/\/ekblocks.com\/wp-content\/uploads\/2024\/01\/WhatsApp-Image-2024-01-24-at-15.01.15-815x1024.webp 815w, https:\/\/ekblocks.com\/wp-content\/uploads\/2024\/01\/WhatsApp-Image-2024-01-24-at-15.01.15-239x300.webp 239w, https:\/\/ekblocks.com\/wp-content\/uploads\/2024\/01\/WhatsApp-Image-2024-01-24-at-15.01.15-768x965.webp 768w, https:\/\/ekblocks.com\/wp-content\/uploads\/2024\/01\/WhatsApp-Image-2024-01-24-at-15.01.15-jpeg.webp 1080w\" sizes=\"auto, (max-width: 815px) 100vw, 815px\" \/><\/figure>\n<\/div>\n<\/div>\n<\/div><\/div>","protected":false},"excerpt":{"rendered":"<p>Featured Projects Discover our varied and inspiring projects. Each project reflects our creativity and expertise, offering unique solutions to our customers. Explore our portfolio to see how we bring ideas to life. Ekstock Ekstock stands out as a highly efficient warehouse management system, redefining inventory control with its exceptionally user-friendly interface. It delivers real-time updates [&hellip;]<\/p>\n","protected":false},"author":3,"featured_media":0,"parent":0,"menu_order":0,"comment_status":"closed","ping_status":"closed","template":"","meta":{"_uag_custom_page_level_css":"","site-sidebar-layout":"default","site-content-layout":"","ast-site-content-layout":"full-width-container","site-content-style":"unboxed","site-sidebar-style":"default","ast-global-header-display":"","ast-banner-title-visibility":"","ast-main-header-display":"","ast-hfb-above-header-display":"","ast-hfb-below-header-display":"","ast-hfb-mobile-header-display":"","site-post-title":"disabled","ast-breadcrumbs-content":"","ast-featured-img":"","footer-sml-layout":"","theme-transparent-header-meta":"enabled","adv-header-id-meta":"","stick-header-meta":"","header-above-stick-meta":"","header-main-stick-meta":"","header-below-stick-meta":"","astra-migrate-meta-layouts":"set","ast-page-background-enabled":"default","ast-page-background-meta":{"desktop":{"background-color":"var(--ast-global-color-4)","background-image":"","background-repeat":"repeat","background-position":"center center","background-size":"auto","background-attachment":"scroll","background-type":"","background-media":"","overlay-type":"","overlay-color":"","overlay-opacity":"","overlay-gradient":""},"tablet":{"background-color":"","background-image":"","background-repeat":"repeat","background-position":"center center","background-size":"auto","background-attachment":"scroll","background-type":"","background-media":"","overlay-type":"","overlay-color":"","overlay-opacity":"","overlay-gradient":""},"mobile":{"background-color":"","background-image":"","background-repeat":"repeat","background-position":"center center","background-size":"auto","background-attachment":"scroll","background-type":"","background-media":"","overlay-type":"","overlay-color":"","overlay-opacity":"","overlay-gradient":""}},"ast-content-background-meta":{"desktop":{"background-color":"var(--ast-global-color-5)","background-image":"","background-repeat":"repeat","background-position":"center center","background-size":"auto","background-attachment":"scroll","background-type":"","background-media":"","overlay-type":"","overlay-color":"","overlay-opacity":"","overlay-gradient":""},"tablet":{"background-color":"var(--ast-global-color-5)","background-image":"","background-repeat":"repeat","background-position":"center center","background-size":"auto","background-attachment":"scroll","background-type":"","background-media":"","overlay-type":"","overlay-color":"","overlay-opacity":"","overlay-gradient":""},"mobile":{"background-color":"var(--ast-global-color-5)","background-image":"","background-repeat":"repeat","background-position":"center center","background-size":"auto","background-attachment":"scroll","background-type":"","background-media":"","overlay-type":"","overlay-color":"","overlay-opacity":"","overlay-gradient":""}},"footnotes":""},"class_list":["post-2469","page","type-page","status-publish","hentry"],"uagb_featured_image_src":{"full":false,"thumbnail":false,"medium":false,"medium_large":false,"large":false,"1536x1536":false,"2048x2048":false,"trp-custom-language-flag":false},"uagb_author_info":{"display_name":"Issam El Bayed","author_link":"https:\/\/ekblocks.com\/fr\/author\/issam\/"},"uagb_comment_info":0,"uagb_excerpt":"Featured Projects Discover our varied and inspiring projects. Each project reflects our creativity and expertise, offering unique solutions to our customers. Explore our portfolio to see how we bring ideas to life. Ekstock Ekstock stands out as a highly efficient warehouse management system, redefining inventory control with its exceptionally user-friendly interface. It delivers real-time updates\u2026","_links":{"self":[{"href":"https:\/\/ekblocks.com\/fr\/wp-json\/wp\/v2\/pages\/2469","targetHints":{"allow":["GET"]}}],"collection":[{"href":"https:\/\/ekblocks.com\/fr\/wp-json\/wp\/v2\/pages"}],"about":[{"href":"https:\/\/ekblocks.com\/fr\/wp-json\/wp\/v2\/types\/page"}],"author":[{"embeddable":true,"href":"https:\/\/ekblocks.com\/fr\/wp-json\/wp\/v2\/users\/3"}],"replies":[{"embeddable":true,"href":"https:\/\/ekblocks.com\/fr\/wp-json\/wp\/v2\/comments?post=2469"}],"version-history":[{"count":97,"href":"https:\/\/ekblocks.com\/fr\/wp-json\/wp\/v2\/pages\/2469\/revisions"}],"predecessor-version":[{"id":3893,"href":"https:\/\/ekblocks.com\/fr\/wp-json\/wp\/v2\/pages\/2469\/revisions\/3893"}],"wp:attachment":[{"href":"https:\/\/ekblocks.com\/fr\/wp-json\/wp\/v2\/media?parent=2469"}],"curies":[{"name":"wp","href":"https:\/\/api.w.org\/{rel}","templated":true}]}}