{"id":1492,"date":"2022-03-04T03:44:30","date_gmt":"2022-03-04T03:44:30","guid":{"rendered":"https:\/\/ekblocks.com\/?page_id=1492"},"modified":"2023-12-28T11:21:49","modified_gmt":"2023-12-28T11:21:49","slug":"services","status":"publish","type":"page","link":"https:\/\/ekblocks.com\/fr\/services\/","title":{"rendered":"Prestations de service"},"content":{"rendered":"<div class=\"wp-block-uagb-container uagb-block-a8606d6e alignfull uagb-is-root-container\"><div class=\"uagb-container-inner-blocks-wrap\">\n<div class=\"wp-block-uagb-info-box uagb-block-614c16d2 uagb-infobox__content-wrap  uagb-infobox-icon-above-title uagb-infobox-image-valign-top\"><div class=\"uagb-ifb-content\"><div class=\"uagb-ifb-title-wrap\"><span class=\"uagb-ifb-title-prefix\">Prestations de service<\/span><h4 class=\"uagb-ifb-title\">Nous proposons une large gamme de services<\/h4><\/div><p class=\"uagb-ifb-desc\">D\u00e9couvrez notre gamme de solutions con\u00e7ues pour r\u00e9pondre \u00e0 vos besoins.<\/p><\/div><\/div>\n<\/div><\/div>\n\n\n\n<div class=\"wp-block-uagb-container uagb-block-ebeffa70 alignfull uagb-is-root-container\"><div class=\"uagb-container-inner-blocks-wrap\">\n<div class=\"wp-block-uagb-advanced-heading uagb-block-c4252b01\"><h2 class=\"uagb-heading-text\">Comment pouvons-nous vous aider?<\/h2><p class=\"uagb-desc-text\">D\u00e9couvrez nos services adapt\u00e9s \u00e0 vos besoins. Nous nous engageons \u00e0 fournir des solutions personnalis\u00e9es pour votre r\u00e9ussite. Explorez notre site pour d\u00e9couvrir notre expertise et notre engagement sans faille envers nos clients<\/p><\/div>\n\n\n\n<div class=\"wp-block-uagb-container uagb-block-a85bf556\">\n<div class=\"wp-block-uagb-container uagb-block-0751e713\">\n<div class=\"wp-block-uagb-info-box uagb-block-d0505e23 uagb-infobox__content-wrap  uagb-infobox-icon-above-title uagb-infobox-image-valign-top\"><div class=\"uagb-ifb-content\"><div class=\"uagb-ifb-icon-wrap\"><svg xmlns=\"https:\/\/www.w3.org\/2000\/svg\" viewbox=\"0 0 512 512\"><path d=\"M260.4 254.9 131.5 33.1a2.208 2.208 0 0 0 -3.829 .009L.3 254.9A2.234 2.234 0 0 0 .3 257.1L129.1 478.9a2.208 2.208 0 0 0 3.83-.009L260.4 257.1A2.239 2.239 0 0 0 260.4 254.9zm39.08-25.71a2.19 2.19 0 0 0 1.9 1.111h66.51a2.226 2.226 0 0 0 1.9-3.341L259.1 33.11a2.187 2.187 0 0 0 -1.9-1.111H190.7a2.226 2.226 0 0 0 -1.9 3.341zM511.7 254.9 384.9 33.11A2.2 2.2 0 0 0 382.1 32h-66.6a2.226 2.226 0 0 0 -1.906 3.34L440.7 256 314.5 476.7a2.226 2.226 0 0 0 1.906 3.34h66.6a2.2 2.2 0 0 0 1.906-1.112L511.7 257.1A2.243 2.243 0 0 0 511.7 254.9zM366 284.9H299.5a2.187 2.187 0 0 0 -1.9 1.111l-108.8 190.6a2.226 2.226 0 0 0 1.9 3.341h66.51a2.187 2.187 0 0 0 1.9-1.111l108.8-190.6A2.226 2.226 0 0 0 366 284.9z\"><\/path><\/svg><\/div><div class=\"uagb-ifb-title-wrap\"><h4 class=\"uagb-ifb-title\"><strong>Blockchain<\/strong><\/h4><\/div><p class=\"uagb-ifb-desc\">Lorem ipsum dolor sit et amet, consectetuer l&#039;\u00e9lite adipeuse. Suspendisse et juste. Praesent Mattis commodo augue.\u200b<\/p><\/div><\/div>\n<\/div>\n\n\n\n<div class=\"wp-block-uagb-container uagb-block-ab0afac0\">\n<div class=\"wp-block-uagb-info-box uagb-block-71635d1f uagb-infobox__content-wrap  uagb-infobox-icon-above-title uagb-infobox-image-valign-top\"><div class=\"uagb-ifb-content\"><div class=\"uagb-ifb-icon-wrap\"><svg xmlns=\"https:\/\/www.w3.org\/2000\/svg\" viewbox=\"0 0 576 512\"><path d=\"M128 160C128 142.3 142.3 128 160 128H288C305.7 128 320 142.3 320 160V256C320 273.7 305.7 288 288 288H160C142.3 288 128 273.7 128 256V160zM288 320C323.3 320 352 291.3 352 256V224H416C433.7 224 448 238.3 448 256V352C448 369.7 433.7 384 416 384H288C270.3 384 256 369.7 256 352V320H288zM32 119.4C12.87 108.4 0 87.69 0 64C0 28.65 28.65 0 64 0C87.69 0 108.4 12.87 119.4 32H456.6C467.6 12.87 488.3 0 512 0C547.3 0 576 28.65 576 64C576 87.69 563.1 108.4 544 119.4V392.6C563.1 403.6 576 424.3 576 448C576 483.3 547.3 512 512 512C488.3 512 467.6 499.1 456.6 480H119.4C108.4 499.1 87.69 512 64 512C28.65 512 0 483.3 0 448C0 424.3 12.87 403.6 32 392.6V119.4zM119.4 96C113.8 105.7 105.7 113.8 96 119.4V392.6C105.7 398.2 113.8 406.3 119.4 416H456.6C462.2 406.3 470.3 398.2 480 392.6V119.4C470.3 113.8 462.2 105.7 456.6 96H119.4z\"><\/path><\/svg><\/div><div class=\"uagb-ifb-title-wrap\"><h4 class=\"uagb-ifb-title\"><strong><strong>D\u00e9veloppement\u200b<\/strong><\/strong><\/h4><\/div><p class=\"uagb-ifb-desc\">Lorem ipsum dolor sit et amet, consectetuer l&#039;\u00e9lite adipeuse. Suspendisse et juste. Praesent Mattis commodo augue.\u200b<\/p><\/div><\/div>\n<\/div>\n\n\n\n<div class=\"wp-block-uagb-container uagb-block-0bfd07ac\">\n<div class=\"wp-block-uagb-info-box uagb-block-06bf2df8 uagb-infobox__content-wrap  uagb-infobox-icon-above-title uagb-infobox-image-valign-top\"><div class=\"uagb-ifb-content\"><div class=\"uagb-ifb-icon-wrap\"><svg xmlns=\"https:\/\/www.w3.org\/2000\/svg\" viewbox=\"0 0 512 512\"><path d=\"M511.6 36.86l-64 415.1c-1.5 9.734-7.375 18.22-15.97 23.05c-4.844 2.719-10.27 4.097-15.68 4.097c-4.188 0-8.319-.8154-12.29-2.472l-122.6-51.1l-50.86 76.29C226.3 508.5 219.8 512 212.8 512C201.3 512 192 502.7 192 491.2v-96.18c0-7.115 2.372-14.03 6.742-19.64L416 96l-293.7 264.3L19.69 317.5C8.438 312.8 .8125 302.2 .0625 289.1s5.469-23.72 16.06-29.77l448-255.1c10.69-6.109 23.88-5.547 34 1.406S513.5 24.72 511.6 36.86z\"><\/path><\/svg><\/div><div class=\"uagb-ifb-title-wrap\"><h4 class=\"uagb-ifb-title\">Commercialisation<\/h4><\/div><p class=\"uagb-ifb-desc\">Lorem ipsum dolor sit et amet, consectetuer l&#039;\u00e9lite adipeuse. Suspendisse et juste. Praesent Mattis commodo augue.\u200b<\/p><\/div><\/div>\n<\/div>\n<\/div>\n\n\n\n<div class=\"wp-block-uagb-container uagb-block-fd67aa82\">\n<div class=\"wp-block-uagb-container uagb-block-7d7e96cf\">\n<div class=\"wp-block-uagb-info-box uagb-block-38d90ddf uagb-infobox__content-wrap  uagb-infobox-icon-above-title uagb-infobox-image-valign-top\"><div class=\"uagb-ifb-content\"><div class=\"uagb-ifb-icon-wrap\"><svg xmlns=\"https:\/\/www.w3.org\/2000\/svg\" viewbox=\"0 0 384 512\"><path d=\"M112.1 454.3c0 6.297 1.816 12.44 5.284 17.69l17.14 25.69c5.25 7.875 17.17 14.28 26.64 14.28h61.67c9.438 0 21.36-6.401 26.61-14.28l17.08-25.68c2.938-4.438 5.348-12.37 5.348-17.7L272 415.1h-160L112.1 454.3zM191.4 .0132C89.44 .3257 16 82.97 16 175.1c0 44.38 16.44 84.84 43.56 115.8c16.53 18.84 42.34 58.23 52.22 91.45c.0313 .25 .0938 .5166 .125 .7823h160.2c.0313-.2656 .0938-.5166 .125-.7823c9.875-33.22 35.69-72.61 52.22-91.45C351.6 260.8 368 220.4 368 175.1C368 78.61 288.9-.2837 191.4 .0132zM192 96.01c-44.13 0-80 35.89-80 79.1C112 184.8 104.8 192 96 192S80 184.8 80 176c0-61.76 50.25-111.1 112-111.1c8.844 0 16 7.159 16 16S200.8 96.01 192 96.01z\"><\/path><\/svg><\/div><div class=\"uagb-ifb-title-wrap\"><h4 class=\"uagb-ifb-title\"><strong><strong>M\u00e9dias sociaux\u200b<\/strong>\u200b<\/strong><\/h4><\/div><p class=\"uagb-ifb-desc\">Lorem ipsum dolor sit et amet, consectetuer l&#039;\u00e9lite adipeuse. Suspendisse et juste. Praesent Mattis commodo augue.\u200b<\/p><\/div><\/div>\n<\/div>\n\n\n\n<div class=\"wp-block-uagb-container uagb-block-89b5033f\">\n<div class=\"wp-block-uagb-info-box uagb-block-990bfb63 uagb-infobox__content-wrap  uagb-infobox-icon-above-title uagb-infobox-image-valign-top\"><div class=\"uagb-ifb-content\"><div class=\"uagb-ifb-icon-wrap\"><svg xmlns=\"https:\/\/www.w3.org\/2000\/svg\" viewbox=\"0 0 512 512\"><path d=\"M490.3 40.4C512.2 62.27 512.2 97.73 490.3 119.6L460.3 149.7L362.3 51.72L392.4 21.66C414.3-.2135 449.7-.2135 471.6 21.66L490.3 40.4zM172.4 241.7L339.7 74.34L437.7 172.3L270.3 339.6C264.2 345.8 256.7 350.4 248.4 353.2L159.6 382.8C150.1 385.6 141.5 383.4 135 376.1C128.6 370.5 126.4 361 129.2 352.4L158.8 263.6C161.6 255.3 166.2 247.8 172.4 241.7V241.7zM192 63.1C209.7 63.1 224 78.33 224 95.1C224 113.7 209.7 127.1 192 127.1H96C78.33 127.1 64 142.3 64 159.1V416C64 433.7 78.33 448 96 448H352C369.7 448 384 433.7 384 416V319.1C384 302.3 398.3 287.1 416 287.1C433.7 287.1 448 302.3 448 319.1V416C448 469 405 512 352 512H96C42.98 512 0 469 0 416V159.1C0 106.1 42.98 63.1 96 63.1H192z\"><\/path><\/svg><\/div><div class=\"uagb-ifb-title-wrap\"><h4 class=\"uagb-ifb-title\"><strong><strong><strong>Conception\u200b<\/strong>\u200b<\/strong><\/strong><\/h4><\/div><p class=\"uagb-ifb-desc\">Lorem ipsum dolor sit et amet, consectetuer l&#039;\u00e9lite adipeuse. Suspendisse et juste. Praesent Mattis commodo augue.\u200b<\/p><\/div><\/div>\n<\/div>\n\n\n\n<div class=\"wp-block-uagb-container uagb-block-5224b7dd\">\n<div class=\"wp-block-uagb-info-box uagb-block-797b5a73 uagb-infobox__content-wrap  uagb-infobox-icon-above-title uagb-infobox-image-valign-top\"><div class=\"uagb-ifb-content\"><div class=\"uagb-ifb-icon-wrap\"><svg xmlns=\"https:\/\/www.w3.org\/2000\/svg\" viewbox=\"0 0 512 512\"><path d=\"M443.1 0H71.9C67.9 37.3 37.4 67.8 0 71.7v371.5c37.4 4.9 66 32.4 71.9 68.8h372.2c3-36.4 32.5-65.8 67.9-69.8V71.7c-36.4-5.9-65-35.3-68.9-71.7zm-37 404.9c-36.3 0-18.8-2-55.1-2-35.8 0-21 2-56.1 2-5.9 0-4.9-8.2 0-9.8 22.8-7.6 22.9-10.2 24.6-12.8 10.4-15.6 5.9-83 5.9-113 0-5.3-6.4-12.8-13.8-12.8H200.4c-7.4 0-13.8 7.5-13.8 12.8 0 30-4.5 97.4 5.9 113 1.7 2.5 1.8 5.2 24.6 12.8 4.9 1.6 6 9.8 0 9.8-35.1 0-20.3-2-56.1-2-36.3 0-18.8 2-55.1 2-7.9 0-5.8-10.8 0-10.8 10.2-3.4 13.5-3.5 21.7-13.8 7.7-12.9 7.9-44.4 7.9-127.8V151.3c0-22.2-12.2-28.3-28.6-32.4-8.8-2.2-4-11.8 1-11.8 36.5 0 20.6 2 57.1 2 32.7 0 16.5-2 49.2-2 3.3 0 8.5 8.3 1 10.8-4.9 1.6-27.6 3.7-27.6 39.3 0 45.6-.2 55.8 1 68.8 0 1.3 2.3 12.8 12.8 12.8h109.2c10.5 0 12.8-11.5 12.8-12.8 1.2-13 1-23.2 1-68.8 0-35.6-22.7-37.7-27.6-39.3-7.5-2.5-2.3-10.8 1-10.8 32.7 0 16.5 2 49.2 2 36.5 0 20.6-2 57.1-2 4.9 0 9.9 9.6 1 11.8-16.4 4.1-28.6 10.3-28.6 32.4v101.2c0 83.4 .1 114.9 7.9 127.8 8.2 10.2 11.4 10.4 21.7 13.8 5.8 0 7.8 10.8 0 10.8z\"><\/path><\/svg><\/div><div class=\"uagb-ifb-title-wrap\"><h4 class=\"uagb-ifb-title\"><strong>Aide et assistance\u200b<\/strong>\u200b\u200b<\/h4><\/div><p class=\"uagb-ifb-desc\">Lorem ipsum dolor sit et amet, consectetuer l&#039;\u00e9lite adipeuse. Suspendisse et juste. Praesent Mattis commodo augue.\u200b<\/p><\/div><\/div>\n<\/div>\n<\/div>\n<\/div><\/div>\n\n\n\n<div class=\"wp-block-uagb-container uagb-block-4c8c5d96 alignfull uagb-is-root-container\"><div class=\"uagb-container-inner-blocks-wrap\">\n<div class=\"wp-block-uagb-advanced-heading uagb-block-2ea08763\"><h2 class=\"uagb-heading-text\">Nos clients\u200b<\/h2><p class=\"uagb-desc-text\">Nos clients sont notre fiert\u00e9 et notre joie. Leur succ\u00e8s nous inspire. D\u00e9couvrez nos collaborations enrichissantes et voyez comment nous pouvons \u00e9galement contribuer \u00e0 votre r\u00e9ussite.<\/p><\/div>\n<\/div><\/div>\n\n\n\n<div class=\"wp-block-uagb-container uagb-block-0c228191 alignfull uagb-is-root-container\"><div class=\"uagb-container-inner-blocks-wrap\">\n<div class=\"wp-block-uagb-container uagb-block-034ea77f\">\n<div class=\"wp-block-uagb-image aligncenter uagb-block-82e5896c wp-block-uagb-image--layout-default wp-block-uagb-image--effect-static wp-block-uagb-image--align-center\"><figure class=\"wp-block-uagb-image__figure\"><img decoding=\"async\" srcset=\"https:\/\/ekblocks.com\/wp-content\/uploads\/2023\/12\/fiona_consulting.png ,https:\/\/ekblocks.com\/wp-content\/uploads\/2023\/12\/fiona_consulting.png 780w, https:\/\/ekblocks.com\/wp-content\/uploads\/2023\/12\/fiona_consulting.png 360w\" sizes=\"auto, (max-width: 480px) 150px\" src=\"https:\/\/ekblocks.com\/wp-content\/uploads\/2023\/12\/fiona_consulting.png\" alt=\"\" class=\"uag-image-2568\" width=\"160\" height=\"160\" title=\"\" loading=\"lazy\"\/><\/figure><\/div>\n<\/div>\n\n\n\n<div class=\"wp-block-uagb-container uagb-block-a6ca00da\">\n<div class=\"wp-block-uagb-image aligncenter uagb-block-c251e729 wp-block-uagb-image--layout-default wp-block-uagb-image--effect-static wp-block-uagb-image--align-center\"><figure class=\"wp-block-uagb-image__figure\"><img decoding=\"async\" srcset=\"https:\/\/ekblocks.com\/wp-content\/uploads\/2023\/12\/eamus_cork.jpg ,https:\/\/ekblocks.com\/wp-content\/uploads\/2023\/12\/eamus_cork.jpg 780w, https:\/\/ekblocks.com\/wp-content\/uploads\/2023\/12\/eamus_cork.jpg 360w\" sizes=\"auto, (max-width: 480px) 150px\" src=\"https:\/\/ekblocks.com\/wp-content\/uploads\/2023\/12\/eamus_cork.jpg\" alt=\"\" class=\"uag-image-2569\" width=\"160\" height=\"160\" title=\"\" loading=\"lazy\"\/><\/figure><\/div>\n<\/div>\n\n\n\n<div class=\"wp-block-uagb-container uagb-block-4587cb35\">\n<div class=\"wp-block-uagb-image aligncenter uagb-block-f0d95874 wp-block-uagb-image--layout-default wp-block-uagb-image--effect-static wp-block-uagb-image--align-center\"><figure class=\"wp-block-uagb-image__figure\"><img decoding=\"async\" srcset=\"https:\/\/ekblocks.com\/wp-content\/uploads\/2023\/12\/la_licorne_wide.jpg ,https:\/\/ekblocks.com\/wp-content\/uploads\/2023\/12\/la_licorne_wide.jpg 780w, https:\/\/ekblocks.com\/wp-content\/uploads\/2023\/12\/la_licorne_wide.jpg 360w\" sizes=\"auto, (max-width: 480px) 150px\" src=\"https:\/\/ekblocks.com\/wp-content\/uploads\/2023\/12\/la_licorne_wide.jpg\" alt=\"\" class=\"uag-image-2570\" width=\"160\" height=\"160\" title=\"\" loading=\"lazy\"\/><\/figure><\/div>\n<\/div>\n\n\n\n<div class=\"wp-block-uagb-container uagb-block-2e408ff7\">\n<div class=\"wp-block-uagb-image aligncenter uagb-block-8449d117 wp-block-uagb-image--layout-default wp-block-uagb-image--effect-static wp-block-uagb-image--align-center\"><figure class=\"wp-block-uagb-image__figure\"><img decoding=\"async\" srcset=\"https:\/\/ekblocks.com\/wp-content\/uploads\/2023\/12\/manannan_consulting.jpg ,https:\/\/ekblocks.com\/wp-content\/uploads\/2023\/12\/manannan_consulting.jpg 780w, https:\/\/ekblocks.com\/wp-content\/uploads\/2023\/12\/manannan_consulting.jpg 360w\" sizes=\"auto, (max-width: 480px) 150px\" src=\"https:\/\/ekblocks.com\/wp-content\/uploads\/2023\/12\/manannan_consulting.jpg\" alt=\"\" class=\"uag-image-2572\" width=\"160\" height=\"160\" title=\"\" loading=\"lazy\"\/><\/figure><\/div>\n<\/div>\n<\/div><\/div>\n\n\n\n<div class=\"wp-block-uagb-container uagb-block-29ddac18 alignfull uagb-is-root-container\"><div class=\"uagb-container-inner-blocks-wrap\">\n<div class=\"wp-block-uagb-container uagb-block-02a6aa94\">\n<div class=\"wp-block-uagb-image aligncenter uagb-block-dcb07870 wp-block-uagb-image--layout-default wp-block-uagb-image--effect-static wp-block-uagb-image--align-center\"><figure class=\"wp-block-uagb-image__figure\"><img decoding=\"async\" srcset=\"https:\/\/ekblocks.com\/wp-content\/uploads\/2023\/12\/l_atelier_des_professionnels-2.png ,https:\/\/ekblocks.com\/wp-content\/uploads\/2023\/12\/l_atelier_des_professionnels-2.png 780w, https:\/\/ekblocks.com\/wp-content\/uploads\/2023\/12\/l_atelier_des_professionnels-2.png 360w\" sizes=\"auto, (max-width: 480px) 150px\" src=\"https:\/\/ekblocks.com\/wp-content\/uploads\/2023\/12\/l_atelier_des_professionnels-2.png\" alt=\"\" class=\"uag-image-2597\" width=\"160\" height=\"160\" title=\"\" loading=\"lazy\"\/><\/figure><\/div>\n<\/div>\n\n\n\n<div class=\"wp-block-uagb-container uagb-block-277fa9c1\">\n<div class=\"wp-block-uagb-image aligncenter uagb-block-ca1722a2 wp-block-uagb-image--layout-default wp-block-uagb-image--effect-static wp-block-uagb-image--align-center\"><figure class=\"wp-block-uagb-image__figure\"><img decoding=\"async\" srcset=\"https:\/\/ekblocks.com\/wp-content\/uploads\/2023\/12\/books_provider.png ,https:\/\/ekblocks.com\/wp-content\/uploads\/2023\/12\/books_provider.png 780w, https:\/\/ekblocks.com\/wp-content\/uploads\/2023\/12\/books_provider.png 360w\" sizes=\"auto, (max-width: 480px) 150px\" src=\"https:\/\/ekblocks.com\/wp-content\/uploads\/2023\/12\/books_provider.png\" alt=\"\" class=\"uag-image-2574\" width=\"160\" height=\"160\" title=\"\" loading=\"lazy\"\/><\/figure><\/div>\n<\/div>\n\n\n\n<div class=\"wp-block-uagb-container uagb-block-497dce84\">\n<div class=\"wp-block-uagb-image aligncenter uagb-block-64f4a74d wp-block-uagb-image--layout-default wp-block-uagb-image--effect-static wp-block-uagb-image--align-center\"><figure class=\"wp-block-uagb-image__figure\"><img decoding=\"async\" srcset=\"https:\/\/ekblocks.com\/wp-content\/uploads\/2023\/12\/manannan_edition-1024x321.jpg ,https:\/\/ekblocks.com\/wp-content\/uploads\/2023\/12\/manannan_edition-scaled.jpg 780w, https:\/\/ekblocks.com\/wp-content\/uploads\/2023\/12\/manannan_edition-scaled.jpg 360w\" sizes=\"auto, (max-width: 480px) 150px\" src=\"https:\/\/ekblocks.com\/wp-content\/uploads\/2023\/12\/manannan_edition-1024x321.jpg\" alt=\"\" class=\"uag-image-2573\" width=\"1024\" height=\"321\" title=\"\" loading=\"lazy\"\/><\/figure><\/div>\n<\/div>\n<\/div><\/div>\n\n\n\n<div class=\"wp-block-uagb-container uagb-block-38e74e87 alignfull uagb-is-root-container\"><div class=\"uagb-container-inner-blocks-wrap\">\n<div class=\"wp-block-uagb-advanced-heading uagb-block-dfae4bf6\"><h3 class=\"uagb-heading-text\">\u00ab Des designs incroyables et un travail de qualit\u00e9 ! \u00bb\u200b<\/h3><p class=\"uagb-desc-text\">Nam \u00e0 congue diam. Etiam erat lectus, finibus eget commodo quis, tincidunt eget leo. Nullam quis vulputate orci, ac accumsan quam. Morbi fringilla congue libero, ac malesuada vulputate pharetra.<\/p><\/div>\n\n\n\n<div class=\"wp-block-uagb-info-box uagb-block-77877020 uagb-infobox__content-wrap  uagb-infobox-icon-above-title uagb-infobox-image-valign-top\"><div class=\"uagb-ifb-content\"><div class=\"uagb-ifb-image-content\"><img decoding=\"async\" src=\"https:\/\/ekblocks.com\/wp-content\/uploads\/2020\/08\/testimonial.jpg\" alt=\"\" width=\"60\" height=\"60\" loading=\"lazy\"\/><\/div><div class=\"uagb-ifb-title-wrap\"><h3 class=\"uagb-ifb-title\"><strong>John Doe\u200b<\/strong><\/h3><\/div><p class=\"uagb-ifb-desc\">PDG, ACME INC.\u200b<\/p><\/div><\/div>\n<\/div><\/div>\n\n\n\n<div class=\"wp-block-uagb-container uagb-block-13f5591c alignfull uagb-is-root-container\"><div class=\"uagb-container-inner-blocks-wrap\">\n<div class=\"wp-block-uagb-container uagb-block-dea1c38a\">\n<div class=\"wp-block-uagb-container uagb-block-e63ed10b\">\n<div class=\"wp-block-uagb-advanced-heading uagb-block-4dec9dd2\"><h3 class=\"uagb-heading-text\">Vous souhaitez d\u00e9marrer un projet avec nous ?\u200b<\/h3><p class=\"uagb-desc-text\">Catalysez votre vision\u00a0: Pr\u00eat \u00e0 vous lancer dans un projet\u00a0? Collaborons pour transformer vos id\u00e9es en r\u00e9alit\u00e9s remarquables. Contactez-nous et cr\u00e9ons ensemble quelque chose d&#039;extraordinaire<\/p><\/div>\n<\/div>\n\n\n\n<div class=\"wp-block-uagb-container uagb-block-70ee6c1b\">\n<div class=\"wp-block-uagb-buttons uagb-buttons__outer-wrap uagb-btn__default-btn uagb-btn-tablet__default-btn uagb-btn-mobile__default-btn uagb-block-1f71f8a9\"><div class=\"uagb-buttons__wrap uagb-buttons-layout-wrap\">\n<div class=\"wp-block-uagb-buttons-child uagb-buttons__outer-wrap uagb-block-3f6d5707 wp-block-button\"><div class=\"uagb-button__wrapper\"><a class=\"uagb-buttons-repeater wp-block-button__link\" href=\"#\" onclick=\"return false;\" rel=\"follow noopener\" target=\"_self\"><div class=\"uagb-button__link\">DEMANDE DE DEVIS<\/div><\/a><\/div><\/div>\n<\/div><\/div>\n<\/div>\n<\/div>\n<\/div><\/div>","protected":false},"excerpt":{"rendered":"<p>How can we help you? Discover our services tailored to meet your needs. We&#8217;re dedicated to delivering personalized solutions for your success. Explore our site to learn about our expertise and unwavering commitment to our customers Our Customers\u200b Our customers are our pride and joy. Their success inspires us. Discover our rewarding collaborations and see [&hellip;]<\/p>\n","protected":false},"author":1,"featured_media":0,"parent":0,"menu_order":0,"comment_status":"closed","ping_status":"closed","template":"","meta":{"_uag_custom_page_level_css":"","site-sidebar-layout":"no-sidebar","site-content-layout":"page-builder","ast-site-content-layout":"full-width-container","site-content-style":"unboxed","site-sidebar-style":"unboxed","ast-global-header-display":"","ast-banner-title-visibility":"","ast-main-header-display":"","ast-hfb-above-header-display":"","ast-hfb-below-header-display":"","ast-hfb-mobile-header-display":"","site-post-title":"disabled","ast-breadcrumbs-content":"","ast-featured-img":"disabled","footer-sml-layout":"","theme-transparent-header-meta":"enabled","adv-header-id-meta":"","stick-header-meta":"","header-above-stick-meta":"","header-main-stick-meta":"","header-below-stick-meta":"","astra-migrate-meta-layouts":"set","ast-page-background-enabled":"default","ast-page-background-meta":{"desktop":{"background-color":"var(--ast-global-color-4)","background-image":"","background-repeat":"repeat","background-position":"center center","background-size":"auto","background-attachment":"scroll","background-type":"","background-media":"","overlay-type":"","overlay-color":"","overlay-opacity":"","overlay-gradient":""},"tablet":{"background-color":"","background-image":"","background-repeat":"repeat","background-position":"center center","background-size":"auto","background-attachment":"scroll","background-type":"","background-media":"","overlay-type":"","overlay-color":"","overlay-opacity":"","overlay-gradient":""},"mobile":{"background-color":"","background-image":"","background-repeat":"repeat","background-position":"center center","background-size":"auto","background-attachment":"scroll","background-type":"","background-media":"","overlay-type":"","overlay-color":"","overlay-opacity":"","overlay-gradient":""}},"ast-content-background-meta":{"desktop":{"background-color":"var(--ast-global-color-5)","background-image":"","background-repeat":"repeat","background-position":"center center","background-size":"auto","background-attachment":"scroll","background-type":"","background-media":"","overlay-type":"","overlay-color":"","overlay-opacity":"","overlay-gradient":""},"tablet":{"background-color":"var(--ast-global-color-5)","background-image":"","background-repeat":"repeat","background-position":"center center","background-size":"auto","background-attachment":"scroll","background-type":"","background-media":"","overlay-type":"","overlay-color":"","overlay-opacity":"","overlay-gradient":""},"mobile":{"background-color":"var(--ast-global-color-5)","background-image":"","background-repeat":"repeat","background-position":"center center","background-size":"auto","background-attachment":"scroll","background-type":"","background-media":"","overlay-type":"","overlay-color":"","overlay-opacity":"","overlay-gradient":""}},"footnotes":""},"class_list":["post-1492","page","type-page","status-publish","hentry"],"uagb_featured_image_src":{"full":false,"thumbnail":false,"medium":false,"medium_large":false,"large":false,"1536x1536":false,"2048x2048":false,"trp-custom-language-flag":false},"uagb_author_info":{"display_name":"Mouad Kommir","author_link":"https:\/\/ekblocks.com\/fr\/author\/ekadmin\/"},"uagb_comment_info":0,"uagb_excerpt":"How can we help you? Discover our services tailored to meet your needs. We&#8217;re dedicated to delivering personalized solutions for your success. Explore our site to learn about our expertise and unwavering commitment to our customers Our Customers\u200b Our customers are our pride and joy. Their success inspires us. Discover our rewarding collaborations and see\u2026","_links":{"self":[{"href":"https:\/\/ekblocks.com\/fr\/wp-json\/wp\/v2\/pages\/1492","targetHints":{"allow":["GET"]}}],"collection":[{"href":"https:\/\/ekblocks.com\/fr\/wp-json\/wp\/v2\/pages"}],"about":[{"href":"https:\/\/ekblocks.com\/fr\/wp-json\/wp\/v2\/types\/page"}],"author":[{"embeddable":true,"href":"https:\/\/ekblocks.com\/fr\/wp-json\/wp\/v2\/users\/1"}],"replies":[{"embeddable":true,"href":"https:\/\/ekblocks.com\/fr\/wp-json\/wp\/v2\/comments?post=1492"}],"version-history":[{"count":7,"href":"https:\/\/ekblocks.com\/fr\/wp-json\/wp\/v2\/pages\/1492\/revisions"}],"predecessor-version":[{"id":2625,"href":"https:\/\/ekblocks.com\/fr\/wp-json\/wp\/v2\/pages\/1492\/revisions\/2625"}],"wp:attachment":[{"href":"https:\/\/ekblocks.com\/fr\/wp-json\/wp\/v2\/media?parent=1492"}],"curies":[{"name":"wp","href":"https:\/\/api.w.org\/{rel}","templated":true}]}}